{"id":3721,"date":"2025-10-11T18:58:17","date_gmt":"2025-10-11T18:58:17","guid":{"rendered":"https:\/\/easy-ways.com\/sandeliavimas\/"},"modified":"2025-11-02T12:48:51","modified_gmt":"2025-11-02T12:48:51","slug":"sandeliavimas","status":"publish","type":"page","link":"https:\/\/easy-ways.com\/lt\/sandeliavimas\/","title":{"rendered":"Sand\u0117liavimas"},"content":{"rendered":"\t\t<div data-elementor-type=\"wp-page\" data-elementor-id=\"3721\" class=\"elementor elementor-3721 elementor-2948\">\n\t\t\t\t\t\t<section class=\"elementor-section elementor-top-section elementor-element elementor-element-2c0d209 elementor-section-boxed elementor-section-height-default elementor-section-height-default\" data-id=\"2c0d209\" data-element_type=\"section\">\n\t\t\t\t\t\t<div class=\"elementor-container elementor-column-gap-default\">\n\t\t\t\t\t<div class=\"elementor-column elementor-col-100 elementor-top-column elementor-element elementor-element-850513f\" data-id=\"850513f\" data-element_type=\"column\">\n\t\t\t<div class=\"elementor-widget-wrap elementor-element-populated\">\n\t\t\t\t\t\t<div class=\"elementor-element elementor-element-18a3cc5 elementor-widget__width-initial elementor-widget elementor-widget-go-s-heading\" data-id=\"18a3cc5\" data-element_type=\"widget\" data-widget_type=\"go-s-heading.default\">\n\t\t\t\t<div class=\"elementor-widget-container\">\n\t\t\t\t\t<div class=\"cg-sec-title headline prthalign\">\n    <div class=\"subtitle cg-sub-tilte cg-sub-anim\">\n        Pa\u017eangios priemon\u0117s, visi\u0161ka apsauga    <\/div>\n    <h1 class=\"elementor-gt-heading sec_title cg-sec-title cg-has-anim\">Patikimi sand\u0117liavimo ir saugojimo sprendimai<\/h1>    <\/div>\t\t\t\t<\/div>\n\t\t\t\t<\/div>\n\t\t\t\t\t<\/div>\n\t\t<\/div>\n\t\t\t\t\t<\/div>\n\t\t<\/section>\n\t\t\t\t<section class=\"elementor-section elementor-top-section elementor-element elementor-element-8241ef9 elementor-section-boxed elementor-section-height-default elementor-section-height-default\" data-id=\"8241ef9\" data-element_type=\"section\">\n\t\t\t\t\t\t<div class=\"elementor-container elementor-column-gap-default\">\n\t\t\t\t\t<div class=\"elementor-column elementor-col-33 elementor-top-column elementor-element elementor-element-6ae18aa\" data-id=\"6ae18aa\" data-element_type=\"column\">\n\t\t\t<div class=\"elementor-widget-wrap elementor-element-populated\">\n\t\t\t\t\t\t<div class=\"elementor-element elementor-element-d1a4a1d elementor-widget elementor-widget-text-editor\" data-id=\"d1a4a1d\" data-element_type=\"widget\" data-widget_type=\"text-editor.default\">\n\t\t\t\t\t\t\t\t\t<div class=\"cg-ser-detail-list ul-li-block\">\n<ul>\n \t<li class=\"active\"><a href=\"https:\/\/easy-ways.com\/lt\/sandeliavimas\/\">Sand\u0117liavimas<\/a><\/li>\n \t<li><a href=\"https:\/\/easy-ways.com\/lt\/jura-ir-oras\/\">J\u016bra ir oras<\/a><\/li>\n \t<li><a href=\"https:\/\/easy-ways.com\/lt\/kroviniu-gabenimas\/\">Krovini\u0173 gabenimas<\/a><\/li>\n \t<li><a href=\"https:\/\/easy-ways.com\/lt\/muitai-ir-atitiktis\/\">Muitin\u0117s tarpininkavimas<\/a><\/li>\n \t<li><a href=\"https:\/\/easy-ways.com\/lt\/paskirstymas\/\">Transporto logistika<\/a><\/li>\n<\/ul>\n<\/div>\t\t\t\t\t\t\t\t<\/div>\n\t\t\t\t\t<\/div>\n\t\t<\/div>\n\t\t\t\t<div class=\"elementor-column elementor-col-66 elementor-top-column elementor-element elementor-element-bcb15cc\" data-id=\"bcb15cc\" data-element_type=\"column\">\n\t\t\t<div class=\"elementor-widget-wrap elementor-element-populated\">\n\t\t\t\t\t\t<div class=\"elementor-element elementor-element-f0b42dc elementor-widget elementor-widget-text-editor\" data-id=\"f0b42dc\" data-element_type=\"widget\" data-widget_type=\"text-editor.default\">\n\t\t\t\t\t\t\t\t\t<div class=\"cg-ser-detail-inner\"><h2>Sand\u0117liavimo sprendimai, supaprastinta logistika<\/h2><div class=\"cg-serd-img-text mb-40 d-flex align-items-center\"><div class=\"item-img\"><p>M\u016bs\u0173 sand\u0117liavimo sprendimai derina <strong>naujausias technologijas su grie\u017etais saugos standartais<\/strong>, kad j\u016bs\u0173 prek\u0117s b\u016bt\u0173 saugiai ir efektyviai sand\u0117liuojamos. Nuo klimato kontrol\u0117s sand\u0117li\u0173 iki realaus laiko atsarg\u0173 valdymo \u2013 teikiame paslaugas, skirtas supaprastinti j\u016bs\u0173 tiekimo grandin\u0119 ir u\u017etikrinti jums visi\u0161k\u0105 ramyb\u0119.<\/p><p><strong>Pagrindin\u0117s paslaugos ir privalumai:<\/strong><\/p><ul><li><strong>Pa\u017eangi \u012franga ir technologijos.<\/strong> Sand\u0117liai \u012frengti pa\u017eangiausiomis klimato kontrol\u0117s sistemomis, kurios, naudodamos automatinius jutiklius ir duomen\u0173 registravimo sistemas, u\u017etikrina nuolatin\u012f steb\u0117jim\u0105 ir stabili\u0105 temperat\u016br\u0105 bei dr\u0117gm\u0117s lyg\u012f. Atsarginiai generatoriai ir nepertraukiamo elektros tiekimo sistemos, skirtos pa\u0161alinti veiklos sutrikim\u0173 rizik\u0105.<\/li><li><strong>Reglament\u0173 laikymasis.<\/strong> Geros platinimo praktikos (GDP) ir geros gamybos praktikos (GMP) standart\u0173 laikymasis. Reguliar\u016bs sand\u0117li\u0173 sistem\u0173 auditai ir patvirtinimas, siekiant u\u017etikrinti atitikt\u012f tarptautiniams ir nacionaliniams medicinos produkt\u0173 saugojimo standartams.<\/li><li><strong>Sauga ir kontrol\u0117.<\/strong> 24\/7 saugumas ir vaizdo steb\u0117jimas visuose sand\u0117liuose. Grie\u017eta prieiga prie sand\u0117liavimo patalp\u0173, siekiant u\u017ekirsti keli\u0105 neteis\u0117tam patekimui. Atsarg\u0173 valdymas ir sand\u0117lio proces\u0173 optimizavimas.<\/li><li><strong>Papildomos paslaugos:<\/strong> u\u017esakym\u0173 surinkimas, pakavimas ir \u017eenklinimas pagal j\u016bs\u0173 reikalavimus. Atsarg\u0173 valdymas ir sand\u0117lio proces\u0173 optimizavimas. Transportavimo organizavimas laikantis temperat\u016bros kontrol\u0117s s\u0105lyg\u0173 (\u0161aldymo grandin\u0117).<\/li><\/ul><h4>Kod\u0117l rinktis mus?<\/h4><p>Su <strong>UAB EASY WAYS<\/strong> j\u016bs\u0173 prek\u0117s yra ne tik sand\u0117liuojamos \u2014 jos yra <strong>apsaugotos, stebimos ir valdomos tiksliai<\/strong>. Bendradarbiaukite su mumis, kad u\u017etikrintum\u0117te saug\u0173, efektyv\u0173 ir atitinkant\u012f reikalavimus sand\u0117liavim\u0105, kuris palaiko skland\u017ei\u0105 tiekimo grandin\u0119 nuo prad\u017eios iki pabaigos.<\/p><\/div><\/div><\/div>\t\t\t\t\t\t\t\t<\/div>\n\t\t\t\t\t<\/div>\n\t\t<\/div>\n\t\t\t\t\t<\/div>\n\t\t<\/section>\n\t\t\t\t<section class=\"elementor-section elementor-top-section elementor-element elementor-element-ef166a8 elementor-section-full_width elementor-section-height-default elementor-section-height-default\" data-id=\"ef166a8\" data-element_type=\"section\">\n\t\t\t\t\t\t<div class=\"elementor-container elementor-column-gap-no\">\n\t\t\t\t\t<div class=\"elementor-column elementor-col-100 elementor-top-column elementor-element elementor-element-827229b\" data-id=\"827229b\" data-element_type=\"column\">\n\t\t\t<div class=\"elementor-widget-wrap elementor-element-populated\">\n\t\t\t\t\t\t<div class=\"elementor-element elementor-element-35bf42b elementor-widget elementor-widget-cargozen-ct-info\" data-id=\"35bf42b\" data-element_type=\"widget\" data-widget_type=\"cargozen-ct-info.default\">\n\t\t\t\t<div class=\"elementor-widget-container\">\n\t\t\t\t\t<section id=\"cg-cta2\" class=\"cg-cta2-sec over-hidden position-relative\">\n    <div class=\"container\">\n        <div class=\"cg-cta2-text-wrap d-flex justify-content-between\">\n            <div class=\"cg-cta2-text\">\n                <div class=\"cg-sec-title headline\">\n                                            <div class=\"subtitle cg-sub-tilte cg-sub-anim\">\n                            Patikimi sprendimai. Kiekviename \u017eingsnyje                        <\/div>\n                                        <h1 class=\"elementor-gt-heading sec_title cg-sec-title cg-has-anim\">Jud\u0117kime \u012f priek\u012f kartu<br \/>\n<br \/>\n<br \/>\n<br \/>\n<br \/>\n<\/h1>                <\/div>\n            <\/div>\n            <div class=\"cg-cta2-map headline\">\n\n                                    <h3>Jud\u0117kime \u012f priek\u012f kartu\n\n\n\n\n<\/h3>\n                \n                <div class=\"cg-cta2-info-area\">\n                    <div class=\"cg-cta2-info-wrap\">\n                                                    <div class=\"cg-cta2-info d-flex align-items-center\">\n                                <div class=\"item-icon d-flex justify-content-center align-items-center\">\n                                                                            <svg xmlns=\"http:\/\/www.w3.org\/2000\/svg\" width=\"32\" height=\"32\" viewBox=\"0 0 32 32\" fill=\"none\"><path d=\"M23.5729 19.3603C22.9996 18.5758 22.1384 18.0509 21.1784 17.9009C20.2184 17.7509 19.2381 17.988 18.4529 18.5603L16.9462 19.6536C14.779 17.6926 13.0405 15.3049 11.8396 12.6403L13.3329 11.547C14.1204 10.9733 14.6482 10.1107 14.8007 9.14841C14.9532 8.18612 14.7178 7.20263 14.1462 6.41362L12.5996 4.26695C12.3205 3.87486 11.9654 3.54295 11.5553 3.29097C11.1453 3.039 10.6888 2.87212 10.2129 2.80028C9.2728 2.66163 8.31576 2.8961 7.54622 3.45362L5.17289 5.13362C4.41898 5.67771 3.8322 6.42175 3.47879 7.2817C3.12539 8.14166 3.01943 9.08329 3.17289 10.0003C3.85036 13.9485 5.43006 17.687 7.78897 20.9248C10.1479 24.1625 13.2223 26.812 16.7729 28.667C17.4866 29.0336 18.2772 29.2256 19.0796 29.227C20.135 29.2299 21.1634 28.8933 22.0129 28.267L24.3329 26.667C25.1195 26.0957 25.6471 25.2355 25.7996 24.2753C25.9521 23.3152 25.7171 22.3338 25.1462 21.547L23.5729 19.3603ZM23.1596 25.027L20.8396 26.667C20.3885 26.9939 19.8556 27.1894 19.3002 27.2318C18.7447 27.2742 18.1883 27.1617 17.6929 26.907C14.4033 25.1852 11.558 22.7236 9.38093 19.7159C7.20383 16.7082 5.75425 13.2364 5.14622 9.57362C5.05352 9.0234 5.11679 8.4582 5.32889 7.94211C5.54098 7.42601 5.89341 6.97965 6.34622 6.65362L8.65289 5.06695C8.94179 4.86283 9.28585 4.75125 9.63956 4.74695H9.89289C10.1101 4.7805 10.3185 4.85667 10.5061 4.97109C10.6938 5.0855 10.8569 5.2359 10.9862 5.41362L12.5596 7.60028C12.8164 7.95789 12.9213 8.40259 12.8513 8.83727C12.7814 9.27195 12.5423 9.6613 12.1862 9.92028L10.0262 11.4936C9.8461 11.6258 9.7154 11.8144 9.65499 12.0295C9.59457 12.2446 9.60792 12.4737 9.69289 12.6803C11.104 16.1755 13.3521 19.2707 16.2396 21.6936C16.414 21.8321 16.6302 21.9074 16.8529 21.9074C17.0756 21.9074 17.2918 21.8321 17.4662 21.6936L19.6262 20.1336C19.8037 20.0044 20.0051 19.9115 20.2186 19.8603C20.4321 19.8091 20.6537 19.8006 20.8705 19.8353C21.0873 19.87 21.2951 19.9472 21.482 20.0625C21.6689 20.1777 21.8312 20.3288 21.9596 20.507L23.5196 22.667C23.6519 22.8452 23.7477 23.0478 23.8012 23.2633C23.8548 23.4787 23.8651 23.7026 23.8317 23.922C23.7982 24.1415 23.7216 24.3521 23.6062 24.5418C23.4908 24.7314 23.339 24.8963 23.1596 25.027ZM17.4529 7.88028C17.4968 7.75045 17.5672 7.63119 17.6597 7.53009C17.7522 7.42898 17.8648 7.34826 17.9902 7.29307C18.1157 7.23788 18.2513 7.20942 18.3883 7.20952C18.5253 7.20961 18.6609 7.23825 18.7862 7.29362C20.3059 7.85558 21.6243 8.85655 22.5739 10.1694C23.5236 11.4822 24.0615 13.0477 24.1196 14.667C24.1268 14.93 24.0301 15.1852 23.8504 15.3774C23.6707 15.5696 23.4225 15.6832 23.1596 15.6936C22.9011 15.6938 22.6527 15.594 22.4662 15.415C22.2798 15.236 22.1699 14.9918 22.1596 14.7336C22.1171 13.5136 21.7146 12.3335 21.0028 11.3418C20.291 10.35 19.3018 9.59101 18.1596 9.16028C18.0266 9.12683 17.9019 9.06638 17.7933 8.98269C17.6846 8.899 17.5944 8.79387 17.5281 8.67383C17.4618 8.55378 17.421 8.42139 17.408 8.28487C17.3951 8.14836 17.4104 8.01064 17.4529 7.88028ZM28.8929 14.4136C28.9152 14.6783 28.8327 14.9412 28.6632 15.1457C28.4936 15.3502 28.2505 15.4799 27.9862 15.507H27.8929C27.6439 15.5051 27.4044 15.4116 27.22 15.2444C27.0355 15.0771 26.9191 14.8479 26.8929 14.6003C26.6996 12.4424 25.9258 10.377 24.6534 8.62345C23.3811 6.86986 21.6577 5.49345 19.6662 4.64028C19.4222 4.53596 19.2297 4.33899 19.1309 4.09269C19.0321 3.84639 19.0352 3.57095 19.1396 3.32695C19.2439 3.08295 19.4408 2.89038 19.6871 2.79162C19.9334 2.69285 20.2089 2.69596 20.4529 2.80028C22.7812 3.78778 24.7969 5.39039 26.2837 7.43627C27.7706 9.48215 28.6725 11.8941 28.8929 14.4136Z\" fill=\"white\"><\/path><\/svg>                                                                    <\/div>\n                                <div class=\"item-text headline pera-content\">\n                                    <span>Gaukite patarim\u0105<\/span>\n                                    <a href=\"tel:+370 647 04 017\">+370 647 04 017<\/a>\n                                <\/div>\n                            <\/div>\n                                                    <div class=\"cg-cta2-info d-flex align-items-center\">\n                                <div class=\"item-icon d-flex justify-content-center align-items-center\">\n                                                                            <svg xmlns=\"http:\/\/www.w3.org\/2000\/svg\" width=\"28\" height=\"28\" viewBox=\"0 0 28 28\" fill=\"none\"><path d=\"M22.167 23.9163H5.83366C4.59639 23.915 3.41017 23.4229 2.53528 22.5481C1.6604 21.6732 1.16831 20.4869 1.16699 19.2497V8.74968C1.16831 7.5124 1.6604 6.32618 2.53528 5.4513C3.41017 4.57642 4.59639 4.08433 5.83366 4.08301H22.167C23.4043 4.08433 24.5905 4.57642 25.4654 5.4513C26.3402 6.32618 26.8323 7.5124 26.8337 8.74968V19.2497C26.8323 20.4869 26.3402 21.6732 25.4654 22.5481C24.5905 23.4229 23.4043 23.915 22.167 23.9163ZM5.83366 6.41634C5.21504 6.41705 4.62196 6.66311 4.18452 7.10054C3.74709 7.53797 3.50103 8.13105 3.50033 8.74968V19.2497C3.50103 19.8683 3.74709 20.4614 4.18452 20.8988C4.62196 21.3362 5.21504 21.5823 5.83366 21.583H22.167C22.7856 21.5823 23.3787 21.3362 23.8161 20.8988C24.2536 20.4614 24.4996 19.8683 24.5003 19.2497V8.74968C24.4996 8.13105 24.2536 7.53797 23.8161 7.10054C23.3787 6.66311 22.7856 6.41705 22.167 6.41634H5.83366Z\" fill=\"white\"><\/path><path d=\"M14.0001 15.6723C12.7025 15.6728 11.4418 15.2399 10.4181 14.4424L2.78345 8.50424C2.53915 8.31417 2.38036 8.03485 2.34201 7.7277C2.30365 7.42056 2.38888 7.11076 2.57895 6.86646C2.76901 6.62216 3.04834 6.46337 3.35548 6.42501C3.66263 6.38666 3.97242 6.47189 4.21673 6.66196L11.8513 12.6001C12.4653 13.0788 13.2215 13.3388 14.0001 13.3388C14.7786 13.3388 15.5349 13.0788 16.1489 12.6001L23.7835 6.66196C24.0278 6.47189 24.3376 6.38666 24.6447 6.42501C24.9518 6.46337 25.2312 6.62216 25.4212 6.86646C25.6113 7.11076 25.6965 7.42056 25.6582 7.7277C25.6198 8.03485 25.461 8.31417 25.2167 8.50424L17.5821 14.4424C16.5583 15.2396 15.2977 15.6725 14.0001 15.6723Z\" fill=\"white\"><\/path><\/svg>                                                                    <\/div>\n                                <div class=\"item-text headline pera-content\">\n                                    <span>Susisiekite su mumis<\/span>\n                                    <a href=\"mailto:hello@easy-ways.lt\">hello@easy-ways.lt<\/a>\n                                <\/div>\n                            <\/div>\n                                            <\/div>\n                    <div class=\"cg-cta2-map item-pin-group position-relative mt-50\">\n                                                    <div class=\"item-img text-center\">\n                                <img decoding=\"async\" src=\"https:\/\/easy-ways.com\/wp-content\/uploads\/2025\/10\/Frame-172.svg\" alt=\"List\">\n                            <\/div>\n                                                                    <\/div>\n                <\/div>\n            <\/div>\n        <\/div>\n    <\/div>\n            <div class=\"cg-cta2-map-bg img-parallax\">\n            <img decoding=\"async\" src=\"https:\/\/easy-ways.com\/wp-content\/uploads\/2025\/10\/warehousing-bg-easy-ways.jpg\" alt=\"List\">\n        <\/div>\n    <\/section>\t\t\t\t<\/div>\n\t\t\t\t<\/div>\n\t\t\t\t\t<\/div>\n\t\t<\/div>\n\t\t\t\t\t<\/div>\n\t\t<\/section>\n\t\t\t\t<\/div>\n\t\t","protected":false},"excerpt":{"rendered":"<p>Pa\u017eangios priemon\u0117s, visi\u0161ka apsauga Patikimi sand\u0117liavimo ir saugojimo sprendimai Sand\u0117liavimas J\u016bra ir oras Krovini\u0173 gabenimas Muitin\u0117s tarpininkavimas Transporto logistika Sand\u0117liavimo sprendimai, supaprastinta logistika M\u016bs\u0173 sand\u0117liavimo sprendimai derina naujausias technologijas su grie\u017etais saugos standartais, kad j\u016bs\u0173 prek\u0117s b\u016bt\u0173 saugiai ir efektyviai sand\u0117liuojamos. Nuo klimato kontrol\u0117s sand\u0117li\u0173 iki realaus laiko atsarg\u0173 valdymo \u2013 teikiame paslaugas, skirtas supaprastinti [&hellip;]<\/p>\n","protected":false},"author":1,"featured_media":0,"parent":0,"menu_order":0,"comment_status":"closed","ping_status":"closed","template":"elementor_header_footer","meta":{"inline_featured_image":false,"footnotes":""},"class_list":["post-3721","page","type-page","status-publish","hentry"],"yoast_head":"<!-- This site is optimized with the Yoast SEO plugin v26.2 - https:\/\/yoast.com\/wordpress\/plugins\/seo\/ -->\n<title>Patikimi sand\u0117liavimo sprendimai | Easy Ways<\/title>\n<meta name=\"description\" content=\"Patikimi sand\u0117liavimo sprendimai. M\u016bs\u0173 sand\u0117liavimo sprendimai derina naujausias technologijas su grie\u017etais saugos standartais.\" \/>\n<meta name=\"robots\" content=\"index, follow, max-snippet:-1, max-image-preview:large, max-video-preview:-1\" \/>\n<link rel=\"canonical\" href=\"https:\/\/easy-ways.com\/lt\/sandeliavimas\/\" \/>\n<meta property=\"og:locale\" content=\"lt_LT\" \/>\n<meta property=\"og:type\" content=\"article\" \/>\n<meta property=\"og:title\" content=\"Patikimi sand\u0117liavimo sprendimai | Easy Ways\" \/>\n<meta property=\"og:description\" content=\"Patikimi sand\u0117liavimo sprendimai. M\u016bs\u0173 sand\u0117liavimo sprendimai derina naujausias technologijas su grie\u017etais saugos standartais.\" \/>\n<meta property=\"og:url\" content=\"https:\/\/easy-ways.com\/lt\/sandeliavimas\/\" \/>\n<meta property=\"og:site_name\" content=\"easyWays\" \/>\n<meta property=\"article:modified_time\" content=\"2025-11-02T12:48:51+00:00\" \/>\n<meta property=\"og:image\" content=\"https:\/\/easy-ways.com\/wp-content\/uploads\/2025\/10\/Frame-172.svg\" \/>\n<meta name=\"twitter:card\" content=\"summary_large_image\" \/>\n<meta name=\"twitter:label1\" content=\"Est. reading time\" \/>\n\t<meta name=\"twitter:data1\" content=\"1 minut\u0117\" \/>\n<script type=\"application\/ld+json\" class=\"yoast-schema-graph\">{\"@context\":\"https:\/\/schema.org\",\"@graph\":[{\"@type\":\"WebPage\",\"@id\":\"https:\/\/easy-ways.com\/lt\/sandeliavimas\/\",\"url\":\"https:\/\/easy-ways.com\/lt\/sandeliavimas\/\",\"name\":\"Patikimi sand\u0117liavimo sprendimai | Easy Ways\",\"isPartOf\":{\"@id\":\"https:\/\/easy-ways.com\/lt\/#website\"},\"primaryImageOfPage\":{\"@id\":\"https:\/\/easy-ways.com\/lt\/sandeliavimas\/#primaryimage\"},\"image\":{\"@id\":\"https:\/\/easy-ways.com\/lt\/sandeliavimas\/#primaryimage\"},\"thumbnailUrl\":\"https:\/\/easy-ways.com\/wp-content\/uploads\/2025\/10\/Frame-172.svg\",\"datePublished\":\"2025-10-11T18:58:17+00:00\",\"dateModified\":\"2025-11-02T12:48:51+00:00\",\"description\":\"Patikimi sand\u0117liavimo sprendimai. M\u016bs\u0173 sand\u0117liavimo sprendimai derina naujausias technologijas su grie\u017etais saugos standartais.\",\"breadcrumb\":{\"@id\":\"https:\/\/easy-ways.com\/lt\/sandeliavimas\/#breadcrumb\"},\"inLanguage\":\"lt-LT\",\"potentialAction\":[{\"@type\":\"ReadAction\",\"target\":[\"https:\/\/easy-ways.com\/lt\/sandeliavimas\/\"]}]},{\"@type\":\"ImageObject\",\"inLanguage\":\"lt-LT\",\"@id\":\"https:\/\/easy-ways.com\/lt\/sandeliavimas\/#primaryimage\",\"url\":\"https:\/\/easy-ways.com\/wp-content\/uploads\/2025\/10\/Frame-172.svg\",\"contentUrl\":\"https:\/\/easy-ways.com\/wp-content\/uploads\/2025\/10\/Frame-172.svg\"},{\"@type\":\"BreadcrumbList\",\"@id\":\"https:\/\/easy-ways.com\/lt\/sandeliavimas\/#breadcrumb\",\"itemListElement\":[{\"@type\":\"ListItem\",\"position\":1,\"name\":\"Home\",\"item\":\"https:\/\/easy-ways.com\/lt\/\"},{\"@type\":\"ListItem\",\"position\":2,\"name\":\"Sand\u0117liavimas\"}]},{\"@type\":\"WebSite\",\"@id\":\"https:\/\/easy-ways.com\/lt\/#website\",\"url\":\"https:\/\/easy-ways.com\/lt\/\",\"name\":\"easyWays\",\"description\":\"\",\"potentialAction\":[{\"@type\":\"SearchAction\",\"target\":{\"@type\":\"EntryPoint\",\"urlTemplate\":\"https:\/\/easy-ways.com\/lt\/?s={search_term_string}\"},\"query-input\":{\"@type\":\"PropertyValueSpecification\",\"valueRequired\":true,\"valueName\":\"search_term_string\"}}],\"inLanguage\":\"lt-LT\"}]}<\/script>\n<!-- \/ Yoast SEO plugin. -->","yoast_head_json":{"title":"Patikimi sand\u0117liavimo sprendimai | Easy Ways","description":"Patikimi sand\u0117liavimo sprendimai. M\u016bs\u0173 sand\u0117liavimo sprendimai derina naujausias technologijas su grie\u017etais saugos standartais.","robots":{"index":"index","follow":"follow","max-snippet":"max-snippet:-1","max-image-preview":"max-image-preview:large","max-video-preview":"max-video-preview:-1"},"canonical":"https:\/\/easy-ways.com\/lt\/sandeliavimas\/","og_locale":"lt_LT","og_type":"article","og_title":"Patikimi sand\u0117liavimo sprendimai | Easy Ways","og_description":"Patikimi sand\u0117liavimo sprendimai. M\u016bs\u0173 sand\u0117liavimo sprendimai derina naujausias technologijas su grie\u017etais saugos standartais.","og_url":"https:\/\/easy-ways.com\/lt\/sandeliavimas\/","og_site_name":"easyWays","article_modified_time":"2025-11-02T12:48:51+00:00","og_image":[{"url":"https:\/\/easy-ways.com\/wp-content\/uploads\/2025\/10\/Frame-172.svg","type":"","width":"","height":""}],"twitter_card":"summary_large_image","twitter_misc":{"Est. reading time":"1 minut\u0117"},"schema":{"@context":"https:\/\/schema.org","@graph":[{"@type":"WebPage","@id":"https:\/\/easy-ways.com\/lt\/sandeliavimas\/","url":"https:\/\/easy-ways.com\/lt\/sandeliavimas\/","name":"Patikimi sand\u0117liavimo sprendimai | Easy Ways","isPartOf":{"@id":"https:\/\/easy-ways.com\/lt\/#website"},"primaryImageOfPage":{"@id":"https:\/\/easy-ways.com\/lt\/sandeliavimas\/#primaryimage"},"image":{"@id":"https:\/\/easy-ways.com\/lt\/sandeliavimas\/#primaryimage"},"thumbnailUrl":"https:\/\/easy-ways.com\/wp-content\/uploads\/2025\/10\/Frame-172.svg","datePublished":"2025-10-11T18:58:17+00:00","dateModified":"2025-11-02T12:48:51+00:00","description":"Patikimi sand\u0117liavimo sprendimai. M\u016bs\u0173 sand\u0117liavimo sprendimai derina naujausias technologijas su grie\u017etais saugos standartais.","breadcrumb":{"@id":"https:\/\/easy-ways.com\/lt\/sandeliavimas\/#breadcrumb"},"inLanguage":"lt-LT","potentialAction":[{"@type":"ReadAction","target":["https:\/\/easy-ways.com\/lt\/sandeliavimas\/"]}]},{"@type":"ImageObject","inLanguage":"lt-LT","@id":"https:\/\/easy-ways.com\/lt\/sandeliavimas\/#primaryimage","url":"https:\/\/easy-ways.com\/wp-content\/uploads\/2025\/10\/Frame-172.svg","contentUrl":"https:\/\/easy-ways.com\/wp-content\/uploads\/2025\/10\/Frame-172.svg"},{"@type":"BreadcrumbList","@id":"https:\/\/easy-ways.com\/lt\/sandeliavimas\/#breadcrumb","itemListElement":[{"@type":"ListItem","position":1,"name":"Home","item":"https:\/\/easy-ways.com\/lt\/"},{"@type":"ListItem","position":2,"name":"Sand\u0117liavimas"}]},{"@type":"WebSite","@id":"https:\/\/easy-ways.com\/lt\/#website","url":"https:\/\/easy-ways.com\/lt\/","name":"easyWays","description":"","potentialAction":[{"@type":"SearchAction","target":{"@type":"EntryPoint","urlTemplate":"https:\/\/easy-ways.com\/lt\/?s={search_term_string}"},"query-input":{"@type":"PropertyValueSpecification","valueRequired":true,"valueName":"search_term_string"}}],"inLanguage":"lt-LT"}]}},"_links":{"self":[{"href":"https:\/\/easy-ways.com\/lt\/wp-json\/wp\/v2\/pages\/3721","targetHints":{"allow":["GET"]}}],"collection":[{"href":"https:\/\/easy-ways.com\/lt\/wp-json\/wp\/v2\/pages"}],"about":[{"href":"https:\/\/easy-ways.com\/lt\/wp-json\/wp\/v2\/types\/page"}],"author":[{"embeddable":true,"href":"https:\/\/easy-ways.com\/lt\/wp-json\/wp\/v2\/users\/1"}],"replies":[{"embeddable":true,"href":"https:\/\/easy-ways.com\/lt\/wp-json\/wp\/v2\/comments?post=3721"}],"version-history":[{"count":22,"href":"https:\/\/easy-ways.com\/lt\/wp-json\/wp\/v2\/pages\/3721\/revisions"}],"predecessor-version":[{"id":5315,"href":"https:\/\/easy-ways.com\/lt\/wp-json\/wp\/v2\/pages\/3721\/revisions\/5315"}],"wp:attachment":[{"href":"https:\/\/easy-ways.com\/lt\/wp-json\/wp\/v2\/media?parent=3721"}],"curies":[{"name":"wp","href":"https:\/\/api.w.org\/{rel}","templated":true}]}}