{"id":3677,"date":"2025-04-27T04:56:29","date_gmt":"2025-04-27T04:56:29","guid":{"rendered":"https:\/\/easy-ways.com\/apie-mus\/"},"modified":"2025-11-02T12:38:49","modified_gmt":"2025-11-02T12:38:49","slug":"ismanus-logistikos-sprendimai-apie-mus-easy-ways","status":"publish","type":"page","link":"https:\/\/easy-ways.com\/lt\/ismanus-logistikos-sprendimai-apie-mus-easy-ways\/","title":{"rendered":"Apie mus"},"content":{"rendered":"\t\t<div data-elementor-type=\"wp-page\" data-elementor-id=\"3677\" class=\"elementor elementor-3677 elementor-1854\">\n\t\t\t\t\t\t<section class=\"elementor-section elementor-top-section elementor-element elementor-element-ce5284b elementor-section-boxed elementor-section-height-default elementor-section-height-default\" data-id=\"ce5284b\" data-element_type=\"section\">\n\t\t\t\t\t\t<div class=\"elementor-container elementor-column-gap-default\">\n\t\t\t\t\t<div class=\"elementor-column elementor-col-50 elementor-top-column elementor-element elementor-element-d1f0fc2\" data-id=\"d1f0fc2\" data-element_type=\"column\">\n\t\t\t<div class=\"elementor-widget-wrap elementor-element-populated\">\n\t\t\t\t\t\t<div class=\"elementor-element elementor-element-74a972d elementor-widget elementor-widget-go-ct-group\" data-id=\"74a972d\" data-element_type=\"widget\" data-widget_type=\"go-ct-group.default\">\n\t\t\t\t<div class=\"elementor-widget-container\">\n\t\t\t\t\t<div class=\"cg-ab4-counter\">\n            <div class=\"cg-ab4-count-item top_view \">\n            <div class=\"item-inner\">\n                                    <div class=\"item-icon\">\n                        <img decoding=\"async\" src=\"https:\/\/themexriver.com\/wp\/cargozen\/wp-content\/uploads\/2025\/05\/ic34.svg\" alt=\"\" class=\"img-fluid\">\n                    <\/div>\n                                <div class=\"item-text headline-2 pera-content\">\n                    <p>Klient\u0173<\/p>\n                    <h3><span class=\"counter\">56<\/span>+<\/h3>\n                <\/div>\n            <\/div>\n        <\/div>\n            <div class=\"cg-ab4-count-item top_view d-flex justify-content-end\">\n            <div class=\"item-inner\">\n                                    <div class=\"item-icon\">\n                        <img decoding=\"async\" src=\"https:\/\/themexriver.com\/wp\/cargozen\/wp-content\/uploads\/2025\/05\/ic35.svg\" alt=\"\" class=\"img-fluid\">\n                    <\/div>\n                                <div class=\"item-text headline-2 pera-content\">\n                    <p>\u0160ali\u0173<\/p>\n                    <h3><span class=\"counter\">68<\/span>+<\/h3>\n                <\/div>\n            <\/div>\n        <\/div>\n    \n<\/div>\t\t\t\t<\/div>\n\t\t\t\t<\/div>\n\t\t\t\t\t<\/div>\n\t\t<\/div>\n\t\t\t\t<div class=\"elementor-column elementor-col-50 elementor-top-column elementor-element elementor-element-d7bb12e\" data-id=\"d7bb12e\" data-element_type=\"column\">\n\t\t\t<div class=\"elementor-widget-wrap elementor-element-populated\">\n\t\t\t\t\t\t<div class=\"elementor-element elementor-element-2afcbb1 elementor-widget elementor-widget-go-s-heading\" data-id=\"2afcbb1\" data-element_type=\"widget\" data-widget_type=\"go-s-heading.default\">\n\t\t\t\t<div class=\"elementor-widget-container\">\n\t\t\t\t\t<div class=\"cg-ab4-text-wrap  headline-2\">\n    <h1 class=\"elementor-gt-heading cg-ab4-title cg-has-anim\">I\u0161man\u016bs <span>logistikos<\/span> sprendimai pagal j\u016bs\u0173 poreikius.<\/h1>    <div class=\"cg-ab4-text-item  pt-50 d-flex headline-2 pera-content\">\n                    <h3>Apie mus<\/h3>\n                <div class=\"ab4-decs elementor-gt-desc\" >\n                    <p>UAB EASY WAYS \u2013 j\u016bs\u0173 patikimas logistikos partneris.<br \/>\nMes specializuojam\u0117s teikdami visapusi\u0161kus logistikos sprendimus, pritaikytus kiekvieno kliento unikaliems poreikiams. Sukaup\u0119 ilgamet\u0119 patirt\u012f, tapome patikimu partneriu \u012fvairaus dyd\u017eio verslams, u\u017etikrinan\u010diu, kad kroviniai b\u016bt\u0173 gabenami saugiai, greitai ir efektyviai.<\/p>\n<p>Klientas mums \u2013 prioritetas.<br \/>\nM\u016bs\u0173 profesionali komanda dirba 24\/7, kad suteikt\u0173 operatyvi\u0105 pagalb\u0105 ir realaus laiko siunt\u0173 steb\u0117jim\u0105.<\/p>\n<p>Rinkit\u0117s UAB EASY WAYS \u2013 patikimus, efektyvius ir ekonomi\u0161kus logistikos sprendimus.<br \/>\nJud\u0117kime pirmyn kartu.<\/p>\n                <\/div>\n    <\/div>\n<\/div>\t\t\t\t<\/div>\n\t\t\t\t<\/div>\n\t\t\t\t\t<\/div>\n\t\t<\/div>\n\t\t\t\t\t<\/div>\n\t\t<\/section>\n\t\t\t\t<section class=\"elementor-section elementor-top-section elementor-element elementor-element-fbd9832 elementor-section-full_width elementor-section-height-default elementor-section-height-default\" data-id=\"fbd9832\" data-element_type=\"section\">\n\t\t\t\t\t\t<div class=\"elementor-container elementor-column-gap-no\">\n\t\t\t\t\t<div class=\"elementor-column elementor-col-100 elementor-top-column elementor-element elementor-element-34e9148\" data-id=\"34e9148\" data-element_type=\"column\">\n\t\t\t<div class=\"elementor-widget-wrap elementor-element-populated\">\n\t\t\t\t\t\t<div class=\"elementor-element elementor-element-5c54c12 elementor-widget elementor-widget-cargozen-why-choose\" data-id=\"5c54c12\" data-element_type=\"widget\" data-widget_type=\"cargozen-why-choose.default\">\n\t\t\t\t<div class=\"elementor-widget-container\">\n\t\t\t\t\t<div class=\"cg-wc3-content\">\n    <div class=\"cg-wc3-card\" data-background=\"https:\/\/easy-ways.com\/wp-content\/uploads\/2025\/10\/bg-easy-about.jpg\">\n        <div class=\"cg-quote1-text pera-content\">\n            <div class=\"cg-sec-title headline\">\n                                    <div class=\"subtitle cg-sub-tilte cg-sub-anim\">\n                        Logistikos Partneirs be rib\u0173                    <\/div>\n                                <h1 class=\"elementor-gt-heading sec_title cg-sec-title cg-has-anim\">Grei\u010diau. Patikimiau. Tiksliau.<\/h1>                                    <div class=\"elementor-gt-desc\"><p>UAB EASY WAYS teikia logistikos sprendimus, sukurtus grei\u010diui, patikimumui ir tikslumui. Su ilgamete patirtimi ir 24\/7 palaikymu padedame \u012fvairaus dyd\u017eio verslams jud\u0117ti i\u0161maniau, grei\u010diau ir efektyviau.<\/p>\n<\/div>\n                            <\/div>\n                            <div class=\"cg-qt-cta mt-25 mb-35\">\n                    <a href=\"tel:+370 647 04 017\">\n                        <i aria-hidden=\"true\" class=\"fas fa-phone-alt\"><\/i>                        +370 647 04 017<\/a>\n                <\/div>\n                                <\/div>\n    <\/div>\n    <div class=\"cg-wc3-card text ul-li-block position-relative\">\n                <span class=\"cg-wc3-trc right_view position-absolute\">\n            <img decoding=\"async\" src=\"https:\/\/easy-ways.com\/wp-content\/uploads\/2025\/10\/truck-about-us.png\" alt=\"\">\n        <\/span>\n                <div class=\"cg-sec-title headline pera-content\">\n                            <div class=\"subtitle cg-sub-tilte cg-sub-anim\">\n                    Patikimas Logistikos Partneris                <\/div>\n                        <h1 class=\"elementor-gt-heading sec_title cg-sec-title cg-has-anim\">Kod\u0117l mes<\/h1>                            <div class=\"elementor-gt-desc\"><p>J\u016bs\u0173 tiekimo grandin\u0117 be trikd\u017ei\u0173 \u2013 d\u0117l pasaulinio pasiekiamumo ir inovacij\u0173.<\/p>\n<\/div>\n                    <\/div>\n                    <ul>\n                                    <li><i class=\"fa-solid fa-check\"><\/i> Sklandi ir patikima logistika<\/li>\n                                    <li><i class=\"fa-solid fa-check\"><\/i> Distribucija visame pasaulyje<\/li>\n                                    <li><i class=\"fa-solid fa-check\"><\/i> Reglament\u0173 laikymosi u\u017etikrinimas<\/li>\n                                    <li><i class=\"fa-solid fa-check\"><\/i> 24\/7 Palaikymas<\/li>\n                            <\/ul>\n            <\/div>\n<\/div>\t\t\t\t<\/div>\n\t\t\t\t<\/div>\n\t\t\t\t\t<\/div>\n\t\t<\/div>\n\t\t\t\t\t<\/div>\n\t\t<\/section>\n\t\t\t\t<section class=\"elementor-section elementor-top-section elementor-element elementor-element-32631fa elementor-section-boxed elementor-section-height-default elementor-section-height-default\" data-id=\"32631fa\" data-element_type=\"section\">\n\t\t\t\t\t\t<div class=\"elementor-container elementor-column-gap-default\">\n\t\t\t\t\t<div class=\"elementor-column elementor-col-100 elementor-top-column elementor-element elementor-element-4c217cb\" data-id=\"4c217cb\" data-element_type=\"column\">\n\t\t\t<div class=\"elementor-widget-wrap elementor-element-populated\">\n\t\t\t\t\t\t<div class=\"elementor-element elementor-element-8729adf elementor-widget__width-initial elementor-widget elementor-widget-go-s-heading\" data-id=\"8729adf\" data-element_type=\"widget\" data-widget_type=\"go-s-heading.default\">\n\t\t\t\t<div class=\"elementor-widget-container\">\n\t\t\t\t\t<div class=\"cg-sec-title prthalign headline\">\n            <div class=\"subtitle cg-sub-tilte cg-sub-anim\">\n            Saug\u016bs kroviniai. Patikima logistika.        <\/div>\n    \n    <h1 class=\"elementor-gt-heading sec_title cg-sec-title cg-has-anim\">Efektyv\u016bs krovini\u0173 sprendimai. <\/h1>\n    <\/div>\n\t\t\t\t<\/div>\n\t\t\t\t<\/div>\n\t\t\t\t\t<\/div>\n\t\t<\/div>\n\t\t\t\t\t<\/div>\n\t\t<\/section>\n\t\t\t\t<section class=\"elementor-section elementor-top-section elementor-element elementor-element-e3ee087 elementor-section-boxed elementor-section-height-default elementor-section-height-default\" data-id=\"e3ee087\" data-element_type=\"section\">\n\t\t\t\t\t\t<div class=\"elementor-container elementor-column-gap-default\">\n\t\t\t\t\t<div class=\"elementor-column elementor-col-100 elementor-top-column elementor-element elementor-element-9a27684\" data-id=\"9a27684\" data-element_type=\"column\">\n\t\t\t<div class=\"elementor-widget-wrap elementor-element-populated\">\n\t\t\t\t\t\t<div class=\"elementor-element elementor-element-7f57b80 elementor-widget elementor-widget-wk-infobox-item\" data-id=\"7f57b80\" data-element_type=\"widget\" data-widget_type=\"wk-infobox-item.default\">\n\t\t\t\t<div class=\"elementor-widget-container\">\n\t\t\t\t\t<div class=\"cg-process-content position-relative\">\n    <div class=\"row justify-content-center\">\n            <div class=\"col-lg-4 col-md-6\">\n            <div class=\"cg-process-item top_view headline pera-content\">\n                                    <h3>01<\/h3>\n                                                    <p>Pasaulin\u0117 Distribucija<\/p>\n                            <\/div>\n        <\/div>\n            <div class=\"col-lg-4 col-md-6\">\n            <div class=\"cg-process-item top_view headline pera-content\">\n                                    <h3>02<\/h3>\n                                                    <p>Temperat\u016bros palaikymas<\/p>\n                            <\/div>\n        <\/div>\n            <div class=\"col-lg-4 col-md-6\">\n            <div class=\"cg-process-item top_view headline pera-content\">\n                                    <h3>03<\/h3>\n                                                    <p>Steb\u0117jimas realiu laiku<\/p>\n                            <\/div>\n        <\/div>\n        <\/div>\n<\/div>\t\t\t\t<\/div>\n\t\t\t\t<\/div>\n\t\t\t\t\t<\/div>\n\t\t<\/div>\n\t\t\t\t\t<\/div>\n\t\t<\/section>\n\t\t\t\t<section class=\"elementor-section elementor-top-section elementor-element elementor-element-705c4e2 elementor-section-full_width elementor-section-height-default elementor-section-height-default\" data-id=\"705c4e2\" data-element_type=\"section\">\n\t\t\t\t\t\t<div class=\"elementor-container elementor-column-gap-no\">\n\t\t\t\t\t<div class=\"elementor-column elementor-col-100 elementor-top-column elementor-element elementor-element-02b3bc6\" data-id=\"02b3bc6\" data-element_type=\"column\">\n\t\t\t<div class=\"elementor-widget-wrap elementor-element-populated\">\n\t\t\t\t\t\t<div class=\"elementor-element elementor-element-4ed69c9 elementor-widget elementor-widget-cargozen-moving-text\" data-id=\"4ed69c9\" data-element_type=\"widget\" data-widget_type=\"cargozen-moving-text.default\">\n\t\t\t\t<div class=\"elementor-widget-container\">\n\t\t\t\t\t<div class=\"cg-text-scroller marquee-left\">\n            <h3 data-text=\"EASY WAYS\">EASY WAYS<\/h3>\n        <div class=\"item-play\">\n            <a class=\"video_box\" href=\"https:\/\/easy-ways.com\/wp-content\/uploads\/2025\/10\/pikaso-untitled-project-2025-10-09.mp4\">\n                                    <div class=\"inner-img\">\n                        <img decoding=\"async\" src=\"https:\/\/easy-ways.com\/wp-content\/uploads\/2025\/10\/cargo-easy-ways-bg.jpg\" alt=\"List\">\n                    <\/div>\n                                <div class=\"inner-icon\">\n                    <i class=\"fa-solid fa-play\"><\/i>\n                <\/div>\n            <\/a>\n        <\/div>\n    <\/div>\t\t\t\t<\/div>\n\t\t\t\t<\/div>\n\t\t\t\t\t<\/div>\n\t\t<\/div>\n\t\t\t\t\t<\/div>\n\t\t<\/section>\n\t\t\t\t<\/div>\n\t\t","protected":false},"excerpt":{"rendered":"<p>Klient\u0173 56+ \u0160ali\u0173 68+ I\u0161man\u016bs logistikos sprendimai pagal j\u016bs\u0173 poreikius. Apie mus UAB EASY WAYS \u2013 j\u016bs\u0173 patikimas logistikos partneris. Mes specializuojam\u0117s teikdami visapusi\u0161kus logistikos sprendimus, pritaikytus kiekvieno kliento unikaliems poreikiams. Sukaup\u0119 ilgamet\u0119 patirt\u012f, tapome patikimu partneriu \u012fvairaus dyd\u017eio verslams, u\u017etikrinan\u010diu, kad kroviniai b\u016bt\u0173 gabenami saugiai, greitai ir efektyviai. Klientas mums \u2013 prioritetas. M\u016bs\u0173 profesionali [&hellip;]<\/p>\n","protected":false},"author":1,"featured_media":0,"parent":0,"menu_order":0,"comment_status":"closed","ping_status":"closed","template":"elementor_header_footer","meta":{"inline_featured_image":false,"footnotes":""},"class_list":["post-3677","page","type-page","status-publish","hentry"],"yoast_head":"<!-- This site is optimized with the Yoast SEO plugin v26.2 - https:\/\/yoast.com\/wordpress\/plugins\/seo\/ -->\n<title>Apie mus - easyWays<\/title>\n<meta name=\"description\" content=\"I\u0161man\u016bs logistikos sprendimai pagal j\u016bs\u0173 poreikius. Specializuojam\u0117s teikdami visapusi\u0161kus logistikos sprendimus.\" \/>\n<meta name=\"robots\" content=\"index, follow, max-snippet:-1, max-image-preview:large, max-video-preview:-1\" \/>\n<link rel=\"canonical\" href=\"https:\/\/easy-ways.com\/lt\/ismanus-logistikos-sprendimai-apie-mus-easy-ways\/\" \/>\n<meta property=\"og:locale\" content=\"lt_LT\" \/>\n<meta property=\"og:type\" content=\"article\" \/>\n<meta property=\"og:title\" content=\"Apie mus - easyWays\" \/>\n<meta property=\"og:description\" content=\"I\u0161man\u016bs logistikos sprendimai pagal j\u016bs\u0173 poreikius. Specializuojam\u0117s teikdami visapusi\u0161kus logistikos sprendimus.\" \/>\n<meta property=\"og:url\" content=\"https:\/\/easy-ways.com\/lt\/ismanus-logistikos-sprendimai-apie-mus-easy-ways\/\" \/>\n<meta property=\"og:site_name\" content=\"easyWays\" \/>\n<meta property=\"article:modified_time\" content=\"2025-11-02T12:38:49+00:00\" \/>\n<meta property=\"og:image\" content=\"https:\/\/themexriver.com\/wp\/cargozen\/wp-content\/uploads\/2025\/05\/ic34.svg\" \/>\n<meta name=\"twitter:card\" content=\"summary_large_image\" \/>\n<meta name=\"twitter:label1\" content=\"Est. reading time\" \/>\n\t<meta name=\"twitter:data1\" content=\"2 minut\u0117s\" \/>\n<script type=\"application\/ld+json\" class=\"yoast-schema-graph\">{\"@context\":\"https:\/\/schema.org\",\"@graph\":[{\"@type\":\"WebPage\",\"@id\":\"https:\/\/easy-ways.com\/lt\/ismanus-logistikos-sprendimai-apie-mus-easy-ways\/\",\"url\":\"https:\/\/easy-ways.com\/lt\/ismanus-logistikos-sprendimai-apie-mus-easy-ways\/\",\"name\":\"Apie mus - easyWays\",\"isPartOf\":{\"@id\":\"https:\/\/easy-ways.com\/lt\/#website\"},\"primaryImageOfPage\":{\"@id\":\"https:\/\/easy-ways.com\/lt\/ismanus-logistikos-sprendimai-apie-mus-easy-ways\/#primaryimage\"},\"image\":{\"@id\":\"https:\/\/easy-ways.com\/lt\/ismanus-logistikos-sprendimai-apie-mus-easy-ways\/#primaryimage\"},\"thumbnailUrl\":\"https:\/\/themexriver.com\/wp\/cargozen\/wp-content\/uploads\/2025\/05\/ic34.svg\",\"datePublished\":\"2025-04-27T04:56:29+00:00\",\"dateModified\":\"2025-11-02T12:38:49+00:00\",\"description\":\"I\u0161man\u016bs logistikos sprendimai pagal j\u016bs\u0173 poreikius. Specializuojam\u0117s teikdami visapusi\u0161kus logistikos sprendimus.\",\"breadcrumb\":{\"@id\":\"https:\/\/easy-ways.com\/lt\/ismanus-logistikos-sprendimai-apie-mus-easy-ways\/#breadcrumb\"},\"inLanguage\":\"lt-LT\",\"potentialAction\":[{\"@type\":\"ReadAction\",\"target\":[\"https:\/\/easy-ways.com\/lt\/ismanus-logistikos-sprendimai-apie-mus-easy-ways\/\"]}]},{\"@type\":\"ImageObject\",\"inLanguage\":\"lt-LT\",\"@id\":\"https:\/\/easy-ways.com\/lt\/ismanus-logistikos-sprendimai-apie-mus-easy-ways\/#primaryimage\",\"url\":\"https:\/\/themexriver.com\/wp\/cargozen\/wp-content\/uploads\/2025\/05\/ic34.svg\",\"contentUrl\":\"https:\/\/themexriver.com\/wp\/cargozen\/wp-content\/uploads\/2025\/05\/ic34.svg\"},{\"@type\":\"BreadcrumbList\",\"@id\":\"https:\/\/easy-ways.com\/lt\/ismanus-logistikos-sprendimai-apie-mus-easy-ways\/#breadcrumb\",\"itemListElement\":[{\"@type\":\"ListItem\",\"position\":1,\"name\":\"Home\",\"item\":\"https:\/\/easy-ways.com\/lt\/\"},{\"@type\":\"ListItem\",\"position\":2,\"name\":\"Apie mus\"}]},{\"@type\":\"WebSite\",\"@id\":\"https:\/\/easy-ways.com\/lt\/#website\",\"url\":\"https:\/\/easy-ways.com\/lt\/\",\"name\":\"easyWays\",\"description\":\"\",\"potentialAction\":[{\"@type\":\"SearchAction\",\"target\":{\"@type\":\"EntryPoint\",\"urlTemplate\":\"https:\/\/easy-ways.com\/lt\/?s={search_term_string}\"},\"query-input\":{\"@type\":\"PropertyValueSpecification\",\"valueRequired\":true,\"valueName\":\"search_term_string\"}}],\"inLanguage\":\"lt-LT\"}]}<\/script>\n<!-- \/ Yoast SEO plugin. -->","yoast_head_json":{"title":"Apie mus - easyWays","description":"I\u0161man\u016bs logistikos sprendimai pagal j\u016bs\u0173 poreikius. Specializuojam\u0117s teikdami visapusi\u0161kus logistikos sprendimus.","robots":{"index":"index","follow":"follow","max-snippet":"max-snippet:-1","max-image-preview":"max-image-preview:large","max-video-preview":"max-video-preview:-1"},"canonical":"https:\/\/easy-ways.com\/lt\/ismanus-logistikos-sprendimai-apie-mus-easy-ways\/","og_locale":"lt_LT","og_type":"article","og_title":"Apie mus - easyWays","og_description":"I\u0161man\u016bs logistikos sprendimai pagal j\u016bs\u0173 poreikius. Specializuojam\u0117s teikdami visapusi\u0161kus logistikos sprendimus.","og_url":"https:\/\/easy-ways.com\/lt\/ismanus-logistikos-sprendimai-apie-mus-easy-ways\/","og_site_name":"easyWays","article_modified_time":"2025-11-02T12:38:49+00:00","og_image":[{"url":"https:\/\/themexriver.com\/wp\/cargozen\/wp-content\/uploads\/2025\/05\/ic34.svg","type":"","width":"","height":""}],"twitter_card":"summary_large_image","twitter_misc":{"Est. reading time":"2 minut\u0117s"},"schema":{"@context":"https:\/\/schema.org","@graph":[{"@type":"WebPage","@id":"https:\/\/easy-ways.com\/lt\/ismanus-logistikos-sprendimai-apie-mus-easy-ways\/","url":"https:\/\/easy-ways.com\/lt\/ismanus-logistikos-sprendimai-apie-mus-easy-ways\/","name":"Apie mus - easyWays","isPartOf":{"@id":"https:\/\/easy-ways.com\/lt\/#website"},"primaryImageOfPage":{"@id":"https:\/\/easy-ways.com\/lt\/ismanus-logistikos-sprendimai-apie-mus-easy-ways\/#primaryimage"},"image":{"@id":"https:\/\/easy-ways.com\/lt\/ismanus-logistikos-sprendimai-apie-mus-easy-ways\/#primaryimage"},"thumbnailUrl":"https:\/\/themexriver.com\/wp\/cargozen\/wp-content\/uploads\/2025\/05\/ic34.svg","datePublished":"2025-04-27T04:56:29+00:00","dateModified":"2025-11-02T12:38:49+00:00","description":"I\u0161man\u016bs logistikos sprendimai pagal j\u016bs\u0173 poreikius. Specializuojam\u0117s teikdami visapusi\u0161kus logistikos sprendimus.","breadcrumb":{"@id":"https:\/\/easy-ways.com\/lt\/ismanus-logistikos-sprendimai-apie-mus-easy-ways\/#breadcrumb"},"inLanguage":"lt-LT","potentialAction":[{"@type":"ReadAction","target":["https:\/\/easy-ways.com\/lt\/ismanus-logistikos-sprendimai-apie-mus-easy-ways\/"]}]},{"@type":"ImageObject","inLanguage":"lt-LT","@id":"https:\/\/easy-ways.com\/lt\/ismanus-logistikos-sprendimai-apie-mus-easy-ways\/#primaryimage","url":"https:\/\/themexriver.com\/wp\/cargozen\/wp-content\/uploads\/2025\/05\/ic34.svg","contentUrl":"https:\/\/themexriver.com\/wp\/cargozen\/wp-content\/uploads\/2025\/05\/ic34.svg"},{"@type":"BreadcrumbList","@id":"https:\/\/easy-ways.com\/lt\/ismanus-logistikos-sprendimai-apie-mus-easy-ways\/#breadcrumb","itemListElement":[{"@type":"ListItem","position":1,"name":"Home","item":"https:\/\/easy-ways.com\/lt\/"},{"@type":"ListItem","position":2,"name":"Apie mus"}]},{"@type":"WebSite","@id":"https:\/\/easy-ways.com\/lt\/#website","url":"https:\/\/easy-ways.com\/lt\/","name":"easyWays","description":"","potentialAction":[{"@type":"SearchAction","target":{"@type":"EntryPoint","urlTemplate":"https:\/\/easy-ways.com\/lt\/?s={search_term_string}"},"query-input":{"@type":"PropertyValueSpecification","valueRequired":true,"valueName":"search_term_string"}}],"inLanguage":"lt-LT"}]}},"_links":{"self":[{"href":"https:\/\/easy-ways.com\/lt\/wp-json\/wp\/v2\/pages\/3677","targetHints":{"allow":["GET"]}}],"collection":[{"href":"https:\/\/easy-ways.com\/lt\/wp-json\/wp\/v2\/pages"}],"about":[{"href":"https:\/\/easy-ways.com\/lt\/wp-json\/wp\/v2\/types\/page"}],"author":[{"embeddable":true,"href":"https:\/\/easy-ways.com\/lt\/wp-json\/wp\/v2\/users\/1"}],"replies":[{"embeddable":true,"href":"https:\/\/easy-ways.com\/lt\/wp-json\/wp\/v2\/comments?post=3677"}],"version-history":[{"count":13,"href":"https:\/\/easy-ways.com\/lt\/wp-json\/wp\/v2\/pages\/3677\/revisions"}],"predecessor-version":[{"id":5002,"href":"https:\/\/easy-ways.com\/lt\/wp-json\/wp\/v2\/pages\/3677\/revisions\/5002"}],"wp:attachment":[{"href":"https:\/\/easy-ways.com\/lt\/wp-json\/wp\/v2\/media?parent=3677"}],"curies":[{"name":"wp","href":"https:\/\/api.w.org\/{rel}","templated":true}]}}