{"id":3634,"date":"2025-04-27T04:57:01","date_gmt":"2025-04-27T04:57:01","guid":{"rendered":"https:\/\/easy-ways.com\/contact\/"},"modified":"2025-11-02T12:41:02","modified_gmt":"2025-11-02T12:41:02","slug":"contact","status":"publish","type":"page","link":"https:\/\/easy-ways.com\/lt\/contact\/","title":{"rendered":"Kontaktai"},"content":{"rendered":"\t\t<div data-elementor-type=\"wp-page\" data-elementor-id=\"3634\" class=\"elementor elementor-3634 elementor-1858\">\n\t\t\t\t\t\t<section class=\"elementor-section elementor-top-section elementor-element elementor-element-8e8ce3c elementor-section-boxed elementor-section-height-default elementor-section-height-default\" data-id=\"8e8ce3c\" data-element_type=\"section\">\n\t\t\t\t\t\t<div class=\"elementor-container elementor-column-gap-default\">\n\t\t\t\t\t<div class=\"elementor-column elementor-col-100 elementor-top-column elementor-element elementor-element-bb1717e\" data-id=\"bb1717e\" data-element_type=\"column\">\n\t\t\t<div class=\"elementor-widget-wrap elementor-element-populated\">\n\t\t\t\t\t\t<div class=\"elementor-element elementor-element-215c520 elementor-widget elementor-widget-cargozen-ct-info\" data-id=\"215c520\" data-element_type=\"widget\" data-widget_type=\"cargozen-ct-info.default\">\n\t\t\t\t<div class=\"elementor-widget-container\">\n\t\t\t\t\t<div class=\"log-contact-info-wrap\">\n    <div class=\"row justify-content-center\">\n                    <div class=\"col-lg-4 col-md-6\">\n                <div class=\"log-contact-info-item position-relative\">\n                                            <span class=\"info-bg position-absolute\">\n                            <img decoding=\"async\" src=\"https:\/\/easy-ways.com\/wp-content\/uploads\/2025\/10\/bg-cargo.jpg\" alt=\"List\">\n                        <\/span>\n                                        <div class=\"inner-icon d-flex align-items-center justify-content-center\">\n                                                    <i aria-hidden=\"true\" class=\"fas fa-envelope\"><\/i>                                            <\/div>\n                    <div class=\"inner-text headline pera-content\">\n                        <h3>El. pa\u0161tas<\/h3>\n                        <p><a href=\"mailto:hello@easy-ways.lt\">hello@easy-ways.lt<\/a><\/p>\n                    <\/div>\n                <\/div>\n            <\/div>\n                    <div class=\"col-lg-4 col-md-6\">\n                <div class=\"log-contact-info-item position-relative\">\n                                            <span class=\"info-bg position-absolute\">\n                            <img decoding=\"async\" src=\"https:\/\/easy-ways.com\/wp-content\/uploads\/2025\/10\/bg-cargo.jpg\" alt=\"List\">\n                        <\/span>\n                                        <div class=\"inner-icon d-flex align-items-center justify-content-center\">\n                                                    <i aria-hidden=\"true\" class=\"fas fa-phone-alt\"><\/i>                                            <\/div>\n                    <div class=\"inner-text headline pera-content\">\n                        <h3>Telefonas<\/h3>\n                        <p><a class=\"txt_call\" href=\"tel:+37064704017\">+370 647 04 017<\/a><\/p>\n                    <\/div>\n                <\/div>\n            <\/div>\n                    <div class=\"col-lg-4 col-md-6\">\n                <div class=\"log-contact-info-item position-relative\">\n                                            <span class=\"info-bg position-absolute\">\n                            <img decoding=\"async\" src=\"https:\/\/easy-ways.com\/wp-content\/uploads\/2025\/10\/bg-cargo.jpg\" alt=\"List\">\n                        <\/span>\n                                        <div class=\"inner-icon d-flex align-items-center justify-content-center\">\n                                                    <i aria-hidden=\"true\" class=\"fas fa-map-marker-alt\"><\/i>                                            <\/div>\n                    <div class=\"inner-text headline pera-content\">\n                        <h3>Adresas<\/h3>\n                        <p><a class=\"address\" href=\"https:\/\/maps.app.goo.gl\/9nohtMtuTfh9d3zZ8\">Eduardo Andr\u0117 g. 14-5, Vilnius, Lithuania<\/a><\/p>\n                    <\/div>\n                <\/div>\n            <\/div>\n            <\/div>\n<\/div>\t\t\t\t<\/div>\n\t\t\t\t<\/div>\n\t\t\t\t\t<\/div>\n\t\t<\/div>\n\t\t\t\t\t<\/div>\n\t\t<\/section>\n\t\t\t\t<section class=\"elementor-section elementor-top-section elementor-element elementor-element-1e8ca8e elementor-section-boxed elementor-section-height-default elementor-section-height-default\" data-id=\"1e8ca8e\" data-element_type=\"section\">\n\t\t\t\t\t\t<div class=\"elementor-container elementor-column-gap-default\">\n\t\t\t\t\t<div class=\"elementor-column elementor-col-100 elementor-top-column elementor-element elementor-element-ed93c8f\" data-id=\"ed93c8f\" data-element_type=\"column\">\n\t\t\t<div class=\"elementor-widget-wrap elementor-element-populated\">\n\t\t\t\t\t\t<div class=\"elementor-element elementor-element-590145f elementor-widget elementor-widget-shortcode\" data-id=\"590145f\" data-element_type=\"widget\" data-widget_type=\"shortcode.default\">\n\t\t\t\t\t\t\t<div class=\"elementor-shortcode\">\n<div class=\"wpcf7 no-js\" id=\"wpcf7-f3737-o1\" lang=\"lt-LT\" dir=\"ltr\" data-wpcf7-id=\"3737\">\n<div class=\"screen-reader-response\"><p role=\"status\" aria-live=\"polite\" aria-atomic=\"true\"><\/p> <ul><\/ul><\/div>\n<form action=\"\/lt\/wp-json\/wp\/v2\/pages\/3634#wpcf7-f3737-o1\" method=\"post\" class=\"wpcf7-form init\" aria-label=\"Kontakt\u0173 forma\" novalidate=\"novalidate\" data-status=\"init\">\n<fieldset class=\"hidden-fields-container\"><input type=\"hidden\" name=\"_wpcf7\" value=\"3737\" \/><input type=\"hidden\" name=\"_wpcf7_version\" value=\"6.1.2\" \/><input type=\"hidden\" name=\"_wpcf7_locale\" value=\"lt_LT\" \/><input type=\"hidden\" name=\"_wpcf7_unit_tag\" value=\"wpcf7-f3737-o1\" \/><input type=\"hidden\" name=\"_wpcf7_container_post\" value=\"0\" \/><input type=\"hidden\" name=\"_wpcf7_posted_data_hash\" value=\"\" \/><input type=\"hidden\" name=\"_wpcf7_recaptcha_response\" value=\"\" \/>\n<\/fieldset>\n<div class=\"log-team-contact-form headline pera-content mt-50\">\n\t<h3>Susisiekite su mumis<\/h3>\n\t<p>Susisiekite su mumis d\u0117l skland\u017ei\u0173 logistikos sprendim\u0173. Mes esame \u010dia, kad pad\u0117tume jums atsakyti \u012f klausimus ir u\u017etikrintume, kad j\u016bs\u0173 kroviniai b\u016bt\u0173 gabenami efektyviai.<\/p>\n\t<div class=\"row\">\n\t\t<div class=\"col-lg-6\">\n\t\t\t<input size=\"40\" maxlength=\"400\" class=\"wpcf7-form-control wpcf7-text\" aria-invalid=\"false\" placeholder=\"\u012emon\u0117s pavadinimas\" value=\"\" type=\"text\" name=\"text-613\" \/>\n\t\t<\/div>\n                <div class=\"col-lg-6\">\n\t\t\t<input size=\"40\" maxlength=\"400\" class=\"wpcf7-form-control wpcf7-email wpcf7-text wpcf7-validates-as-email\" aria-invalid=\"false\" placeholder=\"El. pa\u0161tas\" value=\"\" type=\"email\" name=\"email-265\" \/>\n\t\t<\/div>\n\n         \t<div class=\"col-lg-6\">\n\t\t\t<input size=\"40\" maxlength=\"400\" class=\"wpcf7-form-control wpcf7-text\" aria-invalid=\"false\" placeholder=\"Telefonas\" value=\"\" type=\"text\" name=\"text-835\" \/>\n\t\t<\/div>\n\t\t\n\t\t<div class=\"col-lg-6\">\n\t\t\t<select class=\"wpcf7-form-control wpcf7-select new-select\" aria-invalid=\"false\" name=\"select-181\"><option value=\"Jus domina\">Jus domina<\/option><option value=\"Krovini\u0173 gabenimas\">Krovini\u0173 gabenimas<\/option><option value=\"Sand\u0117liavimas\">Sand\u0117liavimas<\/option><option value=\"Muitin\u0117s tarpininkavimas\">Muitin\u0117s tarpininkavimas<\/option><option value=\"Paskirstymas\">Paskirstymas<\/option><option value=\"Kita\">Kita<\/option><\/select>\n\t\t<\/div>\n\n                 \n\t\t<div class=\"col-lg-12\">\n\t\t\t<textarea cols=\"40\" rows=\"10\" maxlength=\"2000\" class=\"wpcf7-form-control wpcf7-textarea new-textarea\" aria-invalid=\"false\" name=\"textarea-492\"><\/textarea>\n\t\t<\/div>\n\t\t<div class=\"col-lg-12\">\n\t\t\t<div class=\"submit-btn text-center text-uppercase\">\n\t\t\t\t<button>Si\u0173sti<\/button>\n\t\t\t<\/div>\n\t\t<\/div>\n\t<\/div>\n<\/div><div class=\"wpcf7-response-output\" aria-hidden=\"true\"><\/div>\n<\/form>\n<\/div>\n<\/div>\n\t\t\t\t\t\t<\/div>\n\t\t\t\t\t<\/div>\n\t\t<\/div>\n\t\t\t\t\t<\/div>\n\t\t<\/section>\n\t\t\t\t<section class=\"elementor-section elementor-top-section elementor-element elementor-element-6cf107b elementor-section-full_width elementor-section-height-default elementor-section-height-default\" data-id=\"6cf107b\" data-element_type=\"section\">\n\t\t\t\t\t\t<div class=\"elementor-container elementor-column-gap-no\">\n\t\t\t\t\t<div class=\"elementor-column elementor-col-100 elementor-top-column elementor-element elementor-element-311ce44\" data-id=\"311ce44\" data-element_type=\"column\">\n\t\t\t<div class=\"elementor-widget-wrap elementor-element-populated\">\n\t\t\t\t\t\t<div class=\"elementor-element elementor-element-e4c0532 elementor-widget elementor-widget-html\" data-id=\"e4c0532\" data-element_type=\"widget\" data-widget_type=\"html.default\">\n\t\t\t\t\t<iframe src=\"https:\/\/www.google.com\/maps\/embed?pb=!1m18!1m12!1m3!1d2309.58620787371!2d25.104870500000004!3d54.62889500000001!2m3!1f0!2f0!3f0!3m2!1i1024!2i768!4f13.1!3m3!1m2!1s0x46dded4ebde1e17d%3A0xf0ad2e0e8c8c5fae!2sGaia%20Design!5e0!3m2!1sen!2slt!4v1760211450734!5m2!1sen!2slt\" width=\"600\" height=\"450\" style=\"border:0;\" allowfullscreen=\"\" loading=\"lazy\" referrerpolicy=\"no-referrer-when-downgrade\"><\/iframe>\t\t\t\t<\/div>\n\t\t\t\t\t<\/div>\n\t\t<\/div>\n\t\t\t\t\t<\/div>\n\t\t<\/section>\n\t\t\t\t<\/div>\n\t\t","protected":false},"excerpt":{"rendered":"<p>El. pa\u0161tas hello@easy-ways.lt Telefonas +370 647 04 017 Adresas Eduardo Andr\u0117 g. 14-5, Vilnius, Lithuania<\/p>\n","protected":false},"author":1,"featured_media":0,"parent":0,"menu_order":0,"comment_status":"closed","ping_status":"closed","template":"elementor_header_footer","meta":{"inline_featured_image":false,"footnotes":""},"class_list":["post-3634","page","type-page","status-publish","hentry"],"yoast_head":"<!-- This site is optimized with the Yoast SEO plugin v26.2 - https:\/\/yoast.com\/wordpress\/plugins\/seo\/ -->\n<title>Kontaktai | Easy Ways<\/title>\n<meta name=\"description\" content=\"Susisiekite su mumis d\u0117l skland\u017ei\u0173 logistikos sprendim\u0173. Mes esame \u010dia, kad pad\u0117tume jums atsakyti \u012f klausimus ir u\u017etikrintume, kad j\u016bs\u0173 kroviniai b\u016bt\u0173 gabenami efektyviai.\" \/>\n<meta name=\"robots\" content=\"index, follow, max-snippet:-1, max-image-preview:large, max-video-preview:-1\" \/>\n<link rel=\"canonical\" href=\"https:\/\/easy-ways.com\/lt\/contact\/\" \/>\n<meta property=\"og:locale\" content=\"lt_LT\" \/>\n<meta property=\"og:type\" content=\"article\" \/>\n<meta property=\"og:title\" content=\"Kontaktai | Easy Ways\" \/>\n<meta property=\"og:description\" content=\"Susisiekite su mumis d\u0117l skland\u017ei\u0173 logistikos sprendim\u0173. Mes esame \u010dia, kad pad\u0117tume jums atsakyti \u012f klausimus ir u\u017etikrintume, kad j\u016bs\u0173 kroviniai b\u016bt\u0173 gabenami efektyviai.\" \/>\n<meta property=\"og:url\" content=\"https:\/\/easy-ways.com\/lt\/contact\/\" \/>\n<meta property=\"og:site_name\" content=\"easyWays\" \/>\n<meta property=\"article:modified_time\" content=\"2025-11-02T12:41:02+00:00\" \/>\n<meta property=\"og:image\" content=\"https:\/\/easy-ways.com\/wp-content\/uploads\/2025\/10\/bg-cargo.jpg\" \/>\n<meta name=\"twitter:card\" content=\"summary_large_image\" \/>\n<meta name=\"twitter:label1\" content=\"Est. reading time\" \/>\n\t<meta name=\"twitter:data1\" content=\"1 minut\u0117\" \/>\n<script type=\"application\/ld+json\" class=\"yoast-schema-graph\">{\"@context\":\"https:\/\/schema.org\",\"@graph\":[{\"@type\":\"WebPage\",\"@id\":\"https:\/\/easy-ways.com\/lt\/contact\/\",\"url\":\"https:\/\/easy-ways.com\/lt\/contact\/\",\"name\":\"Kontaktai | Easy Ways\",\"isPartOf\":{\"@id\":\"https:\/\/easy-ways.com\/lt\/#website\"},\"primaryImageOfPage\":{\"@id\":\"https:\/\/easy-ways.com\/lt\/contact\/#primaryimage\"},\"image\":{\"@id\":\"https:\/\/easy-ways.com\/lt\/contact\/#primaryimage\"},\"thumbnailUrl\":\"https:\/\/easy-ways.com\/wp-content\/uploads\/2025\/10\/bg-cargo.jpg\",\"datePublished\":\"2025-04-27T04:57:01+00:00\",\"dateModified\":\"2025-11-02T12:41:02+00:00\",\"description\":\"Susisiekite su mumis d\u0117l skland\u017ei\u0173 logistikos sprendim\u0173. Mes esame \u010dia, kad pad\u0117tume jums atsakyti \u012f klausimus ir u\u017etikrintume, kad j\u016bs\u0173 kroviniai b\u016bt\u0173 gabenami efektyviai.\",\"breadcrumb\":{\"@id\":\"https:\/\/easy-ways.com\/lt\/contact\/#breadcrumb\"},\"inLanguage\":\"lt-LT\",\"potentialAction\":[{\"@type\":\"ReadAction\",\"target\":[\"https:\/\/easy-ways.com\/lt\/contact\/\"]}]},{\"@type\":\"ImageObject\",\"inLanguage\":\"lt-LT\",\"@id\":\"https:\/\/easy-ways.com\/lt\/contact\/#primaryimage\",\"url\":\"https:\/\/easy-ways.com\/wp-content\/uploads\/2025\/10\/bg-cargo.jpg\",\"contentUrl\":\"https:\/\/easy-ways.com\/wp-content\/uploads\/2025\/10\/bg-cargo.jpg\"},{\"@type\":\"BreadcrumbList\",\"@id\":\"https:\/\/easy-ways.com\/lt\/contact\/#breadcrumb\",\"itemListElement\":[{\"@type\":\"ListItem\",\"position\":1,\"name\":\"Home\",\"item\":\"https:\/\/easy-ways.com\/lt\/\"},{\"@type\":\"ListItem\",\"position\":2,\"name\":\"Kontaktai\"}]},{\"@type\":\"WebSite\",\"@id\":\"https:\/\/easy-ways.com\/lt\/#website\",\"url\":\"https:\/\/easy-ways.com\/lt\/\",\"name\":\"easyWays\",\"description\":\"\",\"potentialAction\":[{\"@type\":\"SearchAction\",\"target\":{\"@type\":\"EntryPoint\",\"urlTemplate\":\"https:\/\/easy-ways.com\/lt\/?s={search_term_string}\"},\"query-input\":{\"@type\":\"PropertyValueSpecification\",\"valueRequired\":true,\"valueName\":\"search_term_string\"}}],\"inLanguage\":\"lt-LT\"}]}<\/script>\n<!-- \/ Yoast SEO plugin. -->","yoast_head_json":{"title":"Kontaktai | Easy Ways","description":"Susisiekite su mumis d\u0117l skland\u017ei\u0173 logistikos sprendim\u0173. Mes esame \u010dia, kad pad\u0117tume jums atsakyti \u012f klausimus ir u\u017etikrintume, kad j\u016bs\u0173 kroviniai b\u016bt\u0173 gabenami efektyviai.","robots":{"index":"index","follow":"follow","max-snippet":"max-snippet:-1","max-image-preview":"max-image-preview:large","max-video-preview":"max-video-preview:-1"},"canonical":"https:\/\/easy-ways.com\/lt\/contact\/","og_locale":"lt_LT","og_type":"article","og_title":"Kontaktai | Easy Ways","og_description":"Susisiekite su mumis d\u0117l skland\u017ei\u0173 logistikos sprendim\u0173. Mes esame \u010dia, kad pad\u0117tume jums atsakyti \u012f klausimus ir u\u017etikrintume, kad j\u016bs\u0173 kroviniai b\u016bt\u0173 gabenami efektyviai.","og_url":"https:\/\/easy-ways.com\/lt\/contact\/","og_site_name":"easyWays","article_modified_time":"2025-11-02T12:41:02+00:00","og_image":[{"url":"https:\/\/easy-ways.com\/wp-content\/uploads\/2025\/10\/bg-cargo.jpg","type":"","width":"","height":""}],"twitter_card":"summary_large_image","twitter_misc":{"Est. reading time":"1 minut\u0117"},"schema":{"@context":"https:\/\/schema.org","@graph":[{"@type":"WebPage","@id":"https:\/\/easy-ways.com\/lt\/contact\/","url":"https:\/\/easy-ways.com\/lt\/contact\/","name":"Kontaktai | Easy Ways","isPartOf":{"@id":"https:\/\/easy-ways.com\/lt\/#website"},"primaryImageOfPage":{"@id":"https:\/\/easy-ways.com\/lt\/contact\/#primaryimage"},"image":{"@id":"https:\/\/easy-ways.com\/lt\/contact\/#primaryimage"},"thumbnailUrl":"https:\/\/easy-ways.com\/wp-content\/uploads\/2025\/10\/bg-cargo.jpg","datePublished":"2025-04-27T04:57:01+00:00","dateModified":"2025-11-02T12:41:02+00:00","description":"Susisiekite su mumis d\u0117l skland\u017ei\u0173 logistikos sprendim\u0173. Mes esame \u010dia, kad pad\u0117tume jums atsakyti \u012f klausimus ir u\u017etikrintume, kad j\u016bs\u0173 kroviniai b\u016bt\u0173 gabenami efektyviai.","breadcrumb":{"@id":"https:\/\/easy-ways.com\/lt\/contact\/#breadcrumb"},"inLanguage":"lt-LT","potentialAction":[{"@type":"ReadAction","target":["https:\/\/easy-ways.com\/lt\/contact\/"]}]},{"@type":"ImageObject","inLanguage":"lt-LT","@id":"https:\/\/easy-ways.com\/lt\/contact\/#primaryimage","url":"https:\/\/easy-ways.com\/wp-content\/uploads\/2025\/10\/bg-cargo.jpg","contentUrl":"https:\/\/easy-ways.com\/wp-content\/uploads\/2025\/10\/bg-cargo.jpg"},{"@type":"BreadcrumbList","@id":"https:\/\/easy-ways.com\/lt\/contact\/#breadcrumb","itemListElement":[{"@type":"ListItem","position":1,"name":"Home","item":"https:\/\/easy-ways.com\/lt\/"},{"@type":"ListItem","position":2,"name":"Kontaktai"}]},{"@type":"WebSite","@id":"https:\/\/easy-ways.com\/lt\/#website","url":"https:\/\/easy-ways.com\/lt\/","name":"easyWays","description":"","potentialAction":[{"@type":"SearchAction","target":{"@type":"EntryPoint","urlTemplate":"https:\/\/easy-ways.com\/lt\/?s={search_term_string}"},"query-input":{"@type":"PropertyValueSpecification","valueRequired":true,"valueName":"search_term_string"}}],"inLanguage":"lt-LT"}]}},"_links":{"self":[{"href":"https:\/\/easy-ways.com\/lt\/wp-json\/wp\/v2\/pages\/3634","targetHints":{"allow":["GET"]}}],"collection":[{"href":"https:\/\/easy-ways.com\/lt\/wp-json\/wp\/v2\/pages"}],"about":[{"href":"https:\/\/easy-ways.com\/lt\/wp-json\/wp\/v2\/types\/page"}],"author":[{"embeddable":true,"href":"https:\/\/easy-ways.com\/lt\/wp-json\/wp\/v2\/users\/1"}],"replies":[{"embeddable":true,"href":"https:\/\/easy-ways.com\/lt\/wp-json\/wp\/v2\/comments?post=3634"}],"version-history":[{"count":8,"href":"https:\/\/easy-ways.com\/lt\/wp-json\/wp\/v2\/pages\/3634\/revisions"}],"predecessor-version":[{"id":3740,"href":"https:\/\/easy-ways.com\/lt\/wp-json\/wp\/v2\/pages\/3634\/revisions\/3740"}],"wp:attachment":[{"href":"https:\/\/easy-ways.com\/lt\/wp-json\/wp\/v2\/media?parent=3634"}],"curies":[{"name":"wp","href":"https:\/\/api.w.org\/{rel}","templated":true}]}}