{"id":3256,"date":"2025-10-11T21:11:34","date_gmt":"2025-10-11T21:11:34","guid":{"rendered":"https:\/\/easy-ways.com\/paslaugos\/"},"modified":"2025-11-02T12:46:30","modified_gmt":"2025-11-02T12:46:30","slug":"paslaugos","status":"publish","type":"page","link":"https:\/\/easy-ways.com\/lt\/paslaugos\/","title":{"rendered":"Paslaugos"},"content":{"rendered":"\t\t<div data-elementor-type=\"wp-page\" data-elementor-id=\"3256\" class=\"elementor elementor-3256 elementor-3117\">\n\t\t\t\t\t\t<section class=\"elementor-section elementor-top-section elementor-element elementor-element-deed2c1 elementor-section-full_width elementor-section-height-default elementor-section-height-default\" data-id=\"deed2c1\" data-element_type=\"section\">\n\t\t\t\t\t\t<div class=\"elementor-container elementor-column-gap-no\">\n\t\t\t\t\t<div class=\"elementor-column elementor-col-100 elementor-top-column elementor-element elementor-element-45f6cc5\" data-id=\"45f6cc5\" data-element_type=\"column\">\n\t\t\t<div class=\"elementor-widget-wrap elementor-element-populated\">\n\t\t\t\t\t\t<div class=\"elementor-element elementor-element-9fcd6c0 elementor-widget elementor-widget-cargozen-about\" data-id=\"9fcd6c0\" data-element_type=\"widget\" data-widget_type=\"cargozen-about.default\">\n\t\t\t\t<div class=\"elementor-widget-container\">\n\t\t\t\t\t<div id=\"cg-about2\" class=\"cg-about2-sec over-hidden position-relative pt-120 pb-120\">\n            <span class=\"cg-ab2-bg  left_view position-absolute\">\n            <img decoding=\"async\" src=\"https:\/\/themexriver.com\/wp\/cargozen\/wp-content\/uploads\/2025\/04\/ab-bg.webp\" alt=\"List\">\n        <\/span>\n        <div class=\"container\">\n        <div class=\"cg-about2-content d-flex\">\n            <div class=\"cg-about2-text1\">\n                                    <span class=\"sec-tag\">\n                        Logistika                    <\/span>\n                                <div class=\"cg-ab2-card position-relative mt-160\">\n                                    <span class=\"shape-plane plane_land_3 position-absolute\"><img decoding=\"async\" src=\"https:\/\/themexriver.com\/wp\/cargozen\/wp-content\/uploads\/2025\/05\/shape11.svg\" alt=\"List\"><\/span>\n                                                                                <div class=\"item-text mb-35\">\n                            Multimodalinis transportas pla\u010diu geografiniu mastu: keliais, oru ir j\u016bra. Lanks\u010dios sutar\u010di\u0173 s\u0105lygos, patikimas grafikas ir individual\u016bs logistikos sprendimai, atitinkantys j\u016bs\u0173 krovini\u0173 poreikius visame pasaulyje.                        <\/div>\n                                                        <\/div>\n            <\/div>\n            <div class=\"cg-about2-text2\">\n                <div class=\"cg-sec-title headline\">\n                    <h1 class=\"elementor-gt-heading sec_title cg-sec-title cg-has-anim\">Mes specializuojam\u0117s teikdami lanks\u010dius, multimodalinius <span>logistikos sprendimus<\/span> visame pasaulyje<\/h1>                <\/div>\n                <div class=\"cg-about2-img mt-20 position-relative\">\n                    <div class=\"item-img\">\n                        <video autoplay=\"\" muted=\"\" loop=\"\" playsinline=\"\" preload=\"metadata\">\n                            <source src=\"\n                                https:\/\/easy-ways.com\/wp-content\/uploads\/2025\/10\/pikaso-untitled-project-2025-10-09.mp4                            \">\n                        <\/video>\n                    <\/div>\n                                            <div class=\"item-counter headline pera-content d-flex flex-wrap justify-content-between\">\n                            <h3><span class=\"counter\">12<\/span>K+<\/h3>\n                            <p>Pasaulini\u0173 mar\u0161rut\u0173<\/p>\n                        <\/div>\n                                    <\/div>\n            <\/div>\n        <\/div>\n    <\/div>\n<\/div>\t\t\t\t<\/div>\n\t\t\t\t<\/div>\n\t\t\t\t<div class=\"elementor-element elementor-element-7278b7b elementor-widget elementor-widget-cargozen-moving-text\" data-id=\"7278b7b\" data-element_type=\"widget\" data-widget_type=\"cargozen-moving-text.default\">\n\t\t\t\t<div class=\"elementor-widget-container\">\n\t\t\t\t\t<div class=\"cg-text-scroller marquee-left\">\n            <h3 data-text=\"EASY WAYS\">EASY WAYS<\/h3>\n        <div class=\"item-play\">\n            <a class=\"video_box\" href=\"https:\/\/easy-ways.com\/wp-content\/uploads\/2025\/10\/pikaso-untitled-project-2025-10-09.mp4\">\n                                    <div class=\"inner-img\">\n                        <img decoding=\"async\" src=\"https:\/\/easy-ways.com\/wp-content\/uploads\/2025\/10\/cargo-easy-ways-bg.jpg\" alt=\"List\">\n                    <\/div>\n                                <div class=\"inner-icon\">\n                    <i class=\"fa-solid fa-play\"><\/i>\n                <\/div>\n            <\/a>\n        <\/div>\n    <\/div>\t\t\t\t<\/div>\n\t\t\t\t<\/div>\n\t\t\t\t\t<\/div>\n\t\t<\/div>\n\t\t\t\t\t<\/div>\n\t\t<\/section>\n\t\t\t\t<section class=\"elementor-section elementor-top-section elementor-element elementor-element-19e8a0e elementor-section-full_width elementor-section-height-default elementor-section-height-default\" data-id=\"19e8a0e\" data-element_type=\"section\" data-settings=\"{&quot;background_background&quot;:&quot;classic&quot;}\">\n\t\t\t\t\t\t<div class=\"elementor-container elementor-column-gap-no\">\n\t\t\t\t\t<div class=\"elementor-column elementor-col-100 elementor-top-column elementor-element elementor-element-b198e1b\" data-id=\"b198e1b\" data-element_type=\"column\">\n\t\t\t<div class=\"elementor-widget-wrap elementor-element-populated\">\n\t\t\t\t\t\t<section class=\"elementor-section elementor-inner-section elementor-element elementor-element-2326ff1 elementor-section-boxed elementor-section-height-default elementor-section-height-default\" data-id=\"2326ff1\" data-element_type=\"section\">\n\t\t\t\t\t\t<div class=\"elementor-container elementor-column-gap-default\">\n\t\t\t\t\t<div class=\"elementor-column elementor-col-100 elementor-inner-column elementor-element elementor-element-0073fd2\" data-id=\"0073fd2\" data-element_type=\"column\">\n\t\t\t<div class=\"elementor-widget-wrap elementor-element-populated\">\n\t\t\t\t\t\t<div class=\"elementor-element elementor-element-48eccad elementor-widget__width-initial elementor-widget elementor-widget-go-s-heading\" data-id=\"48eccad\" data-element_type=\"widget\" data-widget_type=\"go-s-heading.default\">\n\t\t\t\t<div class=\"elementor-widget-container\">\n\t\t\t\t\t<div class=\"cg-sec-title headline prthalign\">\n    <div class=\"subtitle cg-sub-tilte cg-sub-anim\">\n        Patikimas transportas ir logistika    <\/div>\n    <h1 class=\"elementor-gt-heading sec_title cg-sec-title cg-has-anim\">Krovini\u0173 ir sand\u0117liavimo sprendimai be rib\u0173<\/h1>    <\/div>\t\t\t\t<\/div>\n\t\t\t\t<\/div>\n\t\t\t\t<div class=\"elementor-element elementor-element-14a492b elementor-widget__width-auto elementor-widget elementor-widget-agr-btn-one\" data-id=\"14a492b\" data-element_type=\"widget\" data-widget_type=\"agr-btn-one.default\">\n\t\t\t\t<div class=\"elementor-widget-container\">\n\t\t\t\t\t<div class=\"cg-btn-1 prthalign\">\n    <a href=\"https:\/\/easy-ways.com\/lt\/contact\/\" target=\"_blank\" rel=\"nofollow\"><span>Susisiekti <i class=\"fa-solid fa-check\"><\/i><\/span><\/a>\n<\/div>\t\t\t\t<\/div>\n\t\t\t\t<\/div>\n\t\t\t\t\t<\/div>\n\t\t<\/div>\n\t\t\t\t\t<\/div>\n\t\t<\/section>\n\t\t\t\t<section class=\"elementor-section elementor-inner-section elementor-element elementor-element-beecafc elementor-section-boxed elementor-section-height-default elementor-section-height-default\" data-id=\"beecafc\" data-element_type=\"section\">\n\t\t\t\t\t\t<div class=\"elementor-container elementor-column-gap-default\">\n\t\t\t\t\t<div class=\"elementor-column elementor-col-100 elementor-inner-column elementor-element elementor-element-f54938b\" data-id=\"f54938b\" data-element_type=\"column\">\n\t\t\t<div class=\"elementor-widget-wrap elementor-element-populated\">\n\t\t\t\t\t\t<div class=\"elementor-element elementor-element-b3d179f elementor-widget elementor-widget-cargozen-team\" data-id=\"b3d179f\" data-element_type=\"widget\" data-widget_type=\"cargozen-team.default\">\n\t\t\t\t<div class=\"elementor-widget-container\">\n\t\t\t\t\t<div class=\"cg-team1-content pb-60 pt-65\">\n            <div class=\"cg-team1-s-img\">\n            <img decoding=\"async\" src=\"https:\/\/easy-ways.com\/wp-content\/uploads\/2025\/10\/bg-cargo.jpg\" alt=\"\">\n        <\/div>\n        <div class=\"cg-team1-list headline ul-li-block\">\n        <ul>\n                            <li class=\"active top_view\">\n                    <a target=\"_self\" rel=\"\" href=\"https:\/\/easy-ways.com\/lt\/kroviniu-gabenimas\/\">\n                        <div class=\"item-text d-flex align-items-center\">\n                                                        <h3>Krovini\u0173 gabenimas keliais -  <span>Logistika be klaid\u0173.<\/span><\/h3>\n                        <\/div>\n                        <div class=\"item-arrow\">\n                            <i class=\"fa-solid fa-arrow-right\"><\/i>\n                        <\/div>\n                    <\/a>\n                <\/li>\n                            <li class=\" top_view\">\n                    <a target=\"_self\" rel=\"\" href=\"https:\/\/easy-ways.com\/lt\/jura-ir-oras\/\">\n                        <div class=\"item-text d-flex align-items-center\">\n                                                        <h3>J\u016bra ir oras -  <span>Visame pasaulyje. Be kli\u016b\u010di\u0173.<\/span><\/h3>\n                        <\/div>\n                        <div class=\"item-arrow\">\n                            <i class=\"fa-solid fa-arrow-right\"><\/i>\n                        <\/div>\n                    <\/a>\n                <\/li>\n                            <li class=\" top_view\">\n                    <a target=\"_self\" rel=\"\" href=\"https:\/\/easy-ways.com\/lt\/sandeliavimas\/\">\n                        <div class=\"item-text d-flex align-items-center\">\n                                                        <h3>Sand\u0117liavimas -  <span>Patikima erdv\u0117. I\u0161manus saugojimas.<\/span><\/h3>\n                        <\/div>\n                        <div class=\"item-arrow\">\n                            <i class=\"fa-solid fa-arrow-right\"><\/i>\n                        <\/div>\n                    <\/a>\n                <\/li>\n                            <li class=\" top_view\">\n                    <a target=\"_self\" rel=\"\" href=\"https:\/\/easy-ways.com\/lt\/paskirstymas\/\">\n                        <div class=\"item-text d-flex align-items-center\">\n                                                        <h3>Transporto logistika -  <span>Sprendimai skirtingoms rinkoms.<\/span><\/h3>\n                        <\/div>\n                        <div class=\"item-arrow\">\n                            <i class=\"fa-solid fa-arrow-right\"><\/i>\n                        <\/div>\n                    <\/a>\n                <\/li>\n                            <li class=\" top_view\">\n                    <a target=\"_self\" rel=\"\" href=\"https:\/\/easy-ways.com\/lt\/muitai-ir-atitiktis\/\">\n                        <div class=\"item-text d-flex align-items-center\">\n                                                        <h3>Muitin\u0117s tarpininkavimas -  <span>Prekyba be r\u016bpes\u010di\u0173.<\/span><\/h3>\n                        <\/div>\n                        <div class=\"item-arrow\">\n                            <i class=\"fa-solid fa-arrow-right\"><\/i>\n                        <\/div>\n                    <\/a>\n                <\/li>\n                    <\/ul>\n    <\/div>\n<\/div>\t\t\t\t<\/div>\n\t\t\t\t<\/div>\n\t\t\t\t\t<\/div>\n\t\t<\/div>\n\t\t\t\t\t<\/div>\n\t\t<\/section>\n\t\t\t\t\t<\/div>\n\t\t<\/div>\n\t\t\t\t\t<\/div>\n\t\t<\/section>\n\t\t\t\t<\/div>\n\t\t","protected":false},"excerpt":{"rendered":"<p>Logistika Multimodalinis transportas pla\u010diu geografiniu mastu: keliais, oru ir j\u016bra. Lanks\u010dios sutar\u010di\u0173 s\u0105lygos, patikimas grafikas ir individual\u016bs logistikos sprendimai, atitinkantys j\u016bs\u0173 krovini\u0173 poreikius visame pasaulyje. Mes specializuojam\u0117s teikdami lanks\u010dius, multimodalinius logistikos sprendimus visame pasaulyje 12K+ Pasaulini\u0173 mar\u0161rut\u0173 EASY WAYS Patikimas transportas ir logistika Krovini\u0173 ir sand\u0117liavimo sprendimai be rib\u0173 Susisiekti Krovini\u0173 gabenimas keliais &#8211; Logistika [&hellip;]<\/p>\n","protected":false},"author":1,"featured_media":0,"parent":0,"menu_order":0,"comment_status":"closed","ping_status":"closed","template":"elementor_header_footer","meta":{"inline_featured_image":false,"footnotes":""},"class_list":["post-3256","page","type-page","status-publish","hentry"],"yoast_head":"<!-- This site is optimized with the Yoast SEO plugin v26.2 - https:\/\/yoast.com\/wordpress\/plugins\/seo\/ -->\n<title>Multimodalinis transportas | Paslaugos | Easy Ways<\/title>\n<meta name=\"description\" content=\"Multimodalinis transportas pla\u010diu geografiniu mastu: keliais, oru ir j\u016bra. Lanks\u010dios sutar\u010di\u0173 s\u0105lygos, patikimas grafikas.\" \/>\n<meta name=\"robots\" content=\"index, follow, max-snippet:-1, max-image-preview:large, max-video-preview:-1\" \/>\n<link rel=\"canonical\" href=\"https:\/\/easy-ways.com\/lt\/paslaugos\/\" \/>\n<meta property=\"og:locale\" content=\"lt_LT\" \/>\n<meta property=\"og:type\" content=\"article\" \/>\n<meta property=\"og:title\" content=\"Multimodalinis transportas | Paslaugos | Easy Ways\" \/>\n<meta property=\"og:description\" content=\"Multimodalinis transportas pla\u010diu geografiniu mastu: keliais, oru ir j\u016bra. Lanks\u010dios sutar\u010di\u0173 s\u0105lygos, patikimas grafikas.\" \/>\n<meta property=\"og:url\" content=\"https:\/\/easy-ways.com\/lt\/paslaugos\/\" \/>\n<meta property=\"og:site_name\" content=\"easyWays\" \/>\n<meta property=\"article:modified_time\" content=\"2025-11-02T12:46:30+00:00\" \/>\n<meta property=\"og:image\" content=\"https:\/\/themexriver.com\/wp\/cargozen\/wp-content\/uploads\/2025\/04\/ab-bg.webp\" \/>\n<meta name=\"twitter:card\" content=\"summary_large_image\" \/>\n<meta name=\"twitter:label1\" content=\"Est. reading time\" \/>\n\t<meta name=\"twitter:data1\" content=\"2 minut\u0117s\" \/>\n<script type=\"application\/ld+json\" class=\"yoast-schema-graph\">{\"@context\":\"https:\/\/schema.org\",\"@graph\":[{\"@type\":\"WebPage\",\"@id\":\"https:\/\/easy-ways.com\/lt\/paslaugos\/\",\"url\":\"https:\/\/easy-ways.com\/lt\/paslaugos\/\",\"name\":\"Multimodalinis transportas | Paslaugos | Easy Ways\",\"isPartOf\":{\"@id\":\"https:\/\/easy-ways.com\/lt\/#website\"},\"primaryImageOfPage\":{\"@id\":\"https:\/\/easy-ways.com\/lt\/paslaugos\/#primaryimage\"},\"image\":{\"@id\":\"https:\/\/easy-ways.com\/lt\/paslaugos\/#primaryimage\"},\"thumbnailUrl\":\"https:\/\/themexriver.com\/wp\/cargozen\/wp-content\/uploads\/2025\/04\/ab-bg.webp\",\"datePublished\":\"2025-10-11T21:11:34+00:00\",\"dateModified\":\"2025-11-02T12:46:30+00:00\",\"description\":\"Multimodalinis transportas pla\u010diu geografiniu mastu: keliais, oru ir j\u016bra. Lanks\u010dios sutar\u010di\u0173 s\u0105lygos, patikimas grafikas.\",\"breadcrumb\":{\"@id\":\"https:\/\/easy-ways.com\/lt\/paslaugos\/#breadcrumb\"},\"inLanguage\":\"lt-LT\",\"potentialAction\":[{\"@type\":\"ReadAction\",\"target\":[\"https:\/\/easy-ways.com\/lt\/paslaugos\/\"]}]},{\"@type\":\"ImageObject\",\"inLanguage\":\"lt-LT\",\"@id\":\"https:\/\/easy-ways.com\/lt\/paslaugos\/#primaryimage\",\"url\":\"https:\/\/themexriver.com\/wp\/cargozen\/wp-content\/uploads\/2025\/04\/ab-bg.webp\",\"contentUrl\":\"https:\/\/themexriver.com\/wp\/cargozen\/wp-content\/uploads\/2025\/04\/ab-bg.webp\"},{\"@type\":\"BreadcrumbList\",\"@id\":\"https:\/\/easy-ways.com\/lt\/paslaugos\/#breadcrumb\",\"itemListElement\":[{\"@type\":\"ListItem\",\"position\":1,\"name\":\"Home\",\"item\":\"https:\/\/easy-ways.com\/lt\/\"},{\"@type\":\"ListItem\",\"position\":2,\"name\":\"Paslaugos\"}]},{\"@type\":\"WebSite\",\"@id\":\"https:\/\/easy-ways.com\/lt\/#website\",\"url\":\"https:\/\/easy-ways.com\/lt\/\",\"name\":\"easyWays\",\"description\":\"\",\"potentialAction\":[{\"@type\":\"SearchAction\",\"target\":{\"@type\":\"EntryPoint\",\"urlTemplate\":\"https:\/\/easy-ways.com\/lt\/?s={search_term_string}\"},\"query-input\":{\"@type\":\"PropertyValueSpecification\",\"valueRequired\":true,\"valueName\":\"search_term_string\"}}],\"inLanguage\":\"lt-LT\"}]}<\/script>\n<!-- \/ Yoast SEO plugin. -->","yoast_head_json":{"title":"Multimodalinis transportas | Paslaugos | Easy Ways","description":"Multimodalinis transportas pla\u010diu geografiniu mastu: keliais, oru ir j\u016bra. Lanks\u010dios sutar\u010di\u0173 s\u0105lygos, patikimas grafikas.","robots":{"index":"index","follow":"follow","max-snippet":"max-snippet:-1","max-image-preview":"max-image-preview:large","max-video-preview":"max-video-preview:-1"},"canonical":"https:\/\/easy-ways.com\/lt\/paslaugos\/","og_locale":"lt_LT","og_type":"article","og_title":"Multimodalinis transportas | Paslaugos | Easy Ways","og_description":"Multimodalinis transportas pla\u010diu geografiniu mastu: keliais, oru ir j\u016bra. Lanks\u010dios sutar\u010di\u0173 s\u0105lygos, patikimas grafikas.","og_url":"https:\/\/easy-ways.com\/lt\/paslaugos\/","og_site_name":"easyWays","article_modified_time":"2025-11-02T12:46:30+00:00","og_image":[{"url":"https:\/\/themexriver.com\/wp\/cargozen\/wp-content\/uploads\/2025\/04\/ab-bg.webp","type":"","width":"","height":""}],"twitter_card":"summary_large_image","twitter_misc":{"Est. reading time":"2 minut\u0117s"},"schema":{"@context":"https:\/\/schema.org","@graph":[{"@type":"WebPage","@id":"https:\/\/easy-ways.com\/lt\/paslaugos\/","url":"https:\/\/easy-ways.com\/lt\/paslaugos\/","name":"Multimodalinis transportas | Paslaugos | Easy Ways","isPartOf":{"@id":"https:\/\/easy-ways.com\/lt\/#website"},"primaryImageOfPage":{"@id":"https:\/\/easy-ways.com\/lt\/paslaugos\/#primaryimage"},"image":{"@id":"https:\/\/easy-ways.com\/lt\/paslaugos\/#primaryimage"},"thumbnailUrl":"https:\/\/themexriver.com\/wp\/cargozen\/wp-content\/uploads\/2025\/04\/ab-bg.webp","datePublished":"2025-10-11T21:11:34+00:00","dateModified":"2025-11-02T12:46:30+00:00","description":"Multimodalinis transportas pla\u010diu geografiniu mastu: keliais, oru ir j\u016bra. Lanks\u010dios sutar\u010di\u0173 s\u0105lygos, patikimas grafikas.","breadcrumb":{"@id":"https:\/\/easy-ways.com\/lt\/paslaugos\/#breadcrumb"},"inLanguage":"lt-LT","potentialAction":[{"@type":"ReadAction","target":["https:\/\/easy-ways.com\/lt\/paslaugos\/"]}]},{"@type":"ImageObject","inLanguage":"lt-LT","@id":"https:\/\/easy-ways.com\/lt\/paslaugos\/#primaryimage","url":"https:\/\/themexriver.com\/wp\/cargozen\/wp-content\/uploads\/2025\/04\/ab-bg.webp","contentUrl":"https:\/\/themexriver.com\/wp\/cargozen\/wp-content\/uploads\/2025\/04\/ab-bg.webp"},{"@type":"BreadcrumbList","@id":"https:\/\/easy-ways.com\/lt\/paslaugos\/#breadcrumb","itemListElement":[{"@type":"ListItem","position":1,"name":"Home","item":"https:\/\/easy-ways.com\/lt\/"},{"@type":"ListItem","position":2,"name":"Paslaugos"}]},{"@type":"WebSite","@id":"https:\/\/easy-ways.com\/lt\/#website","url":"https:\/\/easy-ways.com\/lt\/","name":"easyWays","description":"","potentialAction":[{"@type":"SearchAction","target":{"@type":"EntryPoint","urlTemplate":"https:\/\/easy-ways.com\/lt\/?s={search_term_string}"},"query-input":{"@type":"PropertyValueSpecification","valueRequired":true,"valueName":"search_term_string"}}],"inLanguage":"lt-LT"}]}},"_links":{"self":[{"href":"https:\/\/easy-ways.com\/lt\/wp-json\/wp\/v2\/pages\/3256","targetHints":{"allow":["GET"]}}],"collection":[{"href":"https:\/\/easy-ways.com\/lt\/wp-json\/wp\/v2\/pages"}],"about":[{"href":"https:\/\/easy-ways.com\/lt\/wp-json\/wp\/v2\/types\/page"}],"author":[{"embeddable":true,"href":"https:\/\/easy-ways.com\/lt\/wp-json\/wp\/v2\/users\/1"}],"replies":[{"embeddable":true,"href":"https:\/\/easy-ways.com\/lt\/wp-json\/wp\/v2\/comments?post=3256"}],"version-history":[{"count":25,"href":"https:\/\/easy-ways.com\/lt\/wp-json\/wp\/v2\/pages\/3256\/revisions"}],"predecessor-version":[{"id":4981,"href":"https:\/\/easy-ways.com\/lt\/wp-json\/wp\/v2\/pages\/3256\/revisions\/4981"}],"wp:attachment":[{"href":"https:\/\/easy-ways.com\/lt\/wp-json\/wp\/v2\/media?parent=3256"}],"curies":[{"name":"wp","href":"https:\/\/api.w.org\/{rel}","templated":true}]}}